{"id":9391,"date":"2024-10-18T14:40:07","date_gmt":"2024-10-18T17:40:07","guid":{"rendered":"https:\/\/ffebrazil.com\/?page_id=9391"},"modified":"2025-12-10T17:37:12","modified_gmt":"2025-12-10T20:37:12","slug":"belo-cafe","status":"publish","type":"page","link":"https:\/\/ffebrazil.com\/en\/belo-cafe\/","title":{"rendered":"BEL\u00d4 CAF\u00c9"},"content":{"rendered":"<div data-elementor-type=\"wp-page\" data-elementor-id=\"9391\" class=\"elementor elementor-9391\" data-elementor-post-type=\"page\">\n\t\t\t\t<div class=\"elementor-element elementor-element-4aa2898 e-flex e-con-boxed e-con e-parent\" data-id=\"4aa2898\" data-element_type=\"container\" data-e-type=\"container\">\n\t\t\t\t\t<div class=\"e-con-inner\">\n\t\t\t\t<div class=\"elementor-element elementor-element-989cfeb elementor-widget elementor-widget-heading\" data-id=\"989cfeb\" data-element_type=\"widget\" data-e-type=\"widget\" data-widget_type=\"heading.default\">\n\t\t\t\t<div class=\"elementor-widget-container\">\n\t\t\t\t\t<h1 class=\"elementor-heading-title elementor-size-default\">BEL\u00d4 CAF\u00c9<\/h1>\t\t\t\t<\/div>\n\t\t\t\t<\/div>\n\t\t\t\t<div class=\"elementor-element elementor-element-7462ead elementor-widget elementor-widget-text-editor\" data-id=\"7462ead\" data-element_type=\"widget\" data-e-type=\"widget\" data-widget_type=\"text-editor.default\">\n\t\t\t\t<div class=\"elementor-widget-container\">\n\t\t\t\t\t\t\t\t\t<p><strong>Location: S\u00e3o Paulo \u2013 SP, Brazil | Year: 2024<\/strong><\/p><p><strong>\u00a0<\/strong><\/p><p>FF&amp;E Supply: <br><br>\nGuestrooms: Custom Indoor Furniture including: Tables | Curtains\u00a0<span style=\"color: var( --e-global-color-text ); font-family: var( --e-global-typography-text-font-family ), Sans-serif; font-size: var( --e-global-typography-text-font-size ); font-weight: var( --e-global-typography-text-font-weight );\">| Booths<\/span><span style=\"color: var( --e-global-color-text ); font-family: var( --e-global-typography-text-font-family ), Sans-serif; font-size: var( --e-global-typography-text-font-size ); font-weight: var( --e-global-typography-text-font-weight );\">\u00a0<\/span><span style=\"color: var( --e-global-color-text ); font-family: var( --e-global-typography-text-font-family ), Sans-serif; font-size: var( --e-global-typography-text-font-size ); font-weight: var( --e-global-typography-text-font-weight );\">| Tabletop\u00a0<\/span>|\u00a0<span style=\"color: var( --e-global-color-text ); font-family: var( --e-global-typography-text-font-family ), Sans-serif; font-size: var( --e-global-typography-text-font-size ); font-weight: var( --e-global-typography-text-font-weight );\"><br \/><\/span><span style=\"color: var( --e-global-color-text ); font-family: var( --e-global-typography-text-font-family ), Sans-serif; font-size: var( --e-global-typography-text-font-size ); font-weight: var( --e-global-typography-text-font-weight );\">Public Areas: <\/span><span style=\"color: var( --e-global-color-text ); font-family: var( --e-global-typography-text-font-family ), Sans-serif; font-size: var( --e-global-typography-text-font-size ); font-weight: var( --e-global-typography-text-font-weight );\">Indoor Furniture including: Sofa | Stools |<\/span><span style=\"color: var( --e-global-color-text ); font-family: var( --e-global-typography-text-font-family ), Sans-serif; font-size: var( --e-global-typography-text-font-size ); font-weight: var( --e-global-typography-text-font-weight );\">\u00a0<\/span><\/p>\t\t\t\t\t\t\t\t<\/div>\n\t\t\t\t<\/div>\n\t\t\t\t\t<\/div>\n\t\t\t\t<\/div>\n\t\t<div class=\"elementor-element elementor-element-518b0f2 e-flex e-con-boxed e-con e-parent\" data-id=\"518b0f2\" data-element_type=\"container\" data-e-type=\"container\">\n\t\t\t\t\t<div class=\"e-con-inner\">\n\t\t\t\t<div class=\"elementor-element elementor-element-6b1471b elementor-widget elementor-widget-gallery\" data-id=\"6b1471b\" data-element_type=\"widget\" data-e-type=\"widget\" data-settings=\"{&quot;lazyload&quot;:&quot;yes&quot;,&quot;gallery_layout&quot;:&quot;grid&quot;,&quot;columns&quot;:4,&quot;columns_tablet&quot;:2,&quot;columns_mobile&quot;:1,&quot;gap&quot;:{&quot;unit&quot;:&quot;px&quot;,&quot;size&quot;:10,&quot;sizes&quot;:[]},&quot;gap_tablet&quot;:{&quot;unit&quot;:&quot;px&quot;,&quot;size&quot;:10,&quot;sizes&quot;:[]},&quot;gap_mobile&quot;:{&quot;unit&quot;:&quot;px&quot;,&quot;size&quot;:10,&quot;sizes&quot;:[]},&quot;link_to&quot;:&quot;file&quot;,&quot;aspect_ratio&quot;:&quot;3:2&quot;,&quot;overlay_background&quot;:&quot;yes&quot;,&quot;content_hover_animation&quot;:&quot;fade-in&quot;}\" data-widget_type=\"gallery.default\">\n\t\t\t\t<div class=\"elementor-widget-container\">\n\t\t\t\t\t\t\t<div class=\"elementor-gallery__container\">\n\t\t\t\t\t\t\t<a class=\"e-gallery-item elementor-gallery-item elementor-animated-content\" href=\"https:\/\/i0.wp.com\/ffebrazil.com\/wp-content\/uploads\/2024\/10\/cafe04-1.jpg?fit=750%2C1000&#038;ssl=1\" data-elementor-open-lightbox=\"yes\" data-elementor-lightbox-slideshow=\"6b1471b\" data-elementor-lightbox-title=\"cafe04\" data-e-action-hash=\"#elementor-action%3Aaction%3Dlightbox%26settings%3DeyJpZCI6OTM5MCwidXJsIjoiaHR0cHM6XC9cL2ZmZWJyYXppbC5jb21cL3dwLWNvbnRlbnRcL3VwbG9hZHNcLzIwMjRcLzEwXC9jYWZlMDQtMS5qcGciLCJzbGlkZXNob3ciOiI2YjE0NzFiIn0%3D\">\n\t\t\t\t\t<div class=\"e-gallery-image elementor-gallery-item__image\" data-thumbnail=\"https:\/\/i0.wp.com\/ffebrazil.com\/wp-content\/uploads\/2024\/10\/cafe04-1.jpg?fit=225%2C300&amp;ssl=1\" data-width=\"225\" data-height=\"300\" aria-label=\"\" role=\"img\" ><\/div>\n\t\t\t\t\t\t\t\t\t\t\t<div class=\"elementor-gallery-item__overlay\"><\/div>\n\t\t\t\t\t\t\t\t\t\t\t\t\t\t<\/a>\n\t\t\t\t\t\t\t<a class=\"e-gallery-item elementor-gallery-item elementor-animated-content\" href=\"https:\/\/i0.wp.com\/ffebrazil.com\/wp-content\/uploads\/2024\/10\/cafe03-1.jpg?fit=750%2C1000&#038;ssl=1\" data-elementor-open-lightbox=\"yes\" data-elementor-lightbox-slideshow=\"6b1471b\" data-elementor-lightbox-title=\"cafe03\" data-e-action-hash=\"#elementor-action%3Aaction%3Dlightbox%26settings%3DeyJpZCI6OTM4OSwidXJsIjoiaHR0cHM6XC9cL2ZmZWJyYXppbC5jb21cL3dwLWNvbnRlbnRcL3VwbG9hZHNcLzIwMjRcLzEwXC9jYWZlMDMtMS5qcGciLCJzbGlkZXNob3ciOiI2YjE0NzFiIn0%3D\">\n\t\t\t\t\t<div class=\"e-gallery-image elementor-gallery-item__image\" data-thumbnail=\"https:\/\/i0.wp.com\/ffebrazil.com\/wp-content\/uploads\/2024\/10\/cafe03-1.jpg?fit=225%2C300&amp;ssl=1\" data-width=\"225\" data-height=\"300\" aria-label=\"\" role=\"img\" ><\/div>\n\t\t\t\t\t\t\t\t\t\t\t<div class=\"elementor-gallery-item__overlay\"><\/div>\n\t\t\t\t\t\t\t\t\t\t\t\t\t\t<\/a>\n\t\t\t\t\t\t\t<a class=\"e-gallery-item elementor-gallery-item elementor-animated-content\" href=\"https:\/\/i0.wp.com\/ffebrazil.com\/wp-content\/uploads\/2024\/10\/cafe02-1.jpg?fit=750%2C1000&#038;ssl=1\" data-elementor-open-lightbox=\"yes\" data-elementor-lightbox-slideshow=\"6b1471b\" data-elementor-lightbox-title=\"cafe02\" data-e-action-hash=\"#elementor-action%3Aaction%3Dlightbox%26settings%3DeyJpZCI6OTM4OCwidXJsIjoiaHR0cHM6XC9cL2ZmZWJyYXppbC5jb21cL3dwLWNvbnRlbnRcL3VwbG9hZHNcLzIwMjRcLzEwXC9jYWZlMDItMS5qcGciLCJzbGlkZXNob3ciOiI2YjE0NzFiIn0%3D\">\n\t\t\t\t\t<div class=\"e-gallery-image elementor-gallery-item__image\" data-thumbnail=\"https:\/\/i0.wp.com\/ffebrazil.com\/wp-content\/uploads\/2024\/10\/cafe02-1.jpg?fit=225%2C300&amp;ssl=1\" data-width=\"225\" data-height=\"300\" aria-label=\"\" role=\"img\" ><\/div>\n\t\t\t\t\t\t\t\t\t\t\t<div class=\"elementor-gallery-item__overlay\"><\/div>\n\t\t\t\t\t\t\t\t\t\t\t\t\t\t<\/a>\n\t\t\t\t\t\t\t<a class=\"e-gallery-item elementor-gallery-item elementor-animated-content\" href=\"https:\/\/i0.wp.com\/ffebrazil.com\/wp-content\/uploads\/2024\/10\/cafe01-1.jpg?fit=750%2C1000&#038;ssl=1\" data-elementor-open-lightbox=\"yes\" data-elementor-lightbox-slideshow=\"6b1471b\" data-elementor-lightbox-title=\"cafe01\" data-e-action-hash=\"#elementor-action%3Aaction%3Dlightbox%26settings%3DeyJpZCI6OTM4NywidXJsIjoiaHR0cHM6XC9cL2ZmZWJyYXppbC5jb21cL3dwLWNvbnRlbnRcL3VwbG9hZHNcLzIwMjRcLzEwXC9jYWZlMDEtMS5qcGciLCJzbGlkZXNob3ciOiI2YjE0NzFiIn0%3D\">\n\t\t\t\t\t<div class=\"e-gallery-image elementor-gallery-item__image\" data-thumbnail=\"https:\/\/i0.wp.com\/ffebrazil.com\/wp-content\/uploads\/2024\/10\/cafe01-1.jpg?fit=225%2C300&amp;ssl=1\" data-width=\"225\" data-height=\"300\" aria-label=\"\" role=\"img\" ><\/div>\n\t\t\t\t\t\t\t\t\t\t\t<div class=\"elementor-gallery-item__overlay\"><\/div>\n\t\t\t\t\t\t\t\t\t\t\t\t\t\t<\/a>\n\t\t\t\t\t<\/div>\n\t\t\t\t\t<\/div>\n\t\t\t\t<\/div>\n\t\t\t\t\t<\/div>\n\t\t\t\t<\/div>\n\t\t\t\t<\/div>","protected":false},"excerpt":{"rendered":"<p>BEL\u00d4 CAF\u00c9 Localiza\u00e7\u00e3o: S\u00e3o Paulo \u2013 SP | Ano: 2024 \u00a0 Fornecimento: UHS: Mobili\u00e1rio Interno: Mesas | Cortinas\u00a0| Booths\u00a0| Tampo\u00a0|\u00a0AC: Mobiliario Interno | Sof\u00e1 | Banquetas |\u00a0<\/p>","protected":false},"author":4,"featured_media":0,"parent":0,"menu_order":4,"comment_status":"closed","ping_status":"closed","template":"elementor_header_footer","meta":{"nf_dc_page":"","_eb_attr":"","footnotes":""},"class_list":["post-9391","page","type-page","status-publish","hentry","entry"],"yoast_head":"<!-- This site is optimized with the Yoast SEO plugin v27.5 - https:\/\/yoast.com\/product\/yoast-seo-wordpress\/ -->\n<title>BEL\u00d4 CAF\u00c9 - FFE Brazil<\/title>\n<meta name=\"robots\" content=\"index, follow, max-snippet:-1, max-image-preview:large, max-video-preview:-1\" \/>\n<link rel=\"canonical\" href=\"https:\/\/ffebrazil.com\/en\/belo-cafe\/\" \/>\n<meta property=\"og:locale\" content=\"en_US\" \/>\n<meta property=\"og:type\" content=\"article\" \/>\n<meta property=\"og:title\" content=\"BEL\u00d4 CAF\u00c9 - FFE Brazil\" \/>\n<meta property=\"og:description\" content=\"BEL\u00d4 CAF\u00c9 Localiza\u00e7\u00e3o: S\u00e3o Paulo \u2013 SP | Ano: 2024 \u00a0 Fornecimento: UHS: Mobili\u00e1rio Interno: Mesas | Cortinas\u00a0| Booths\u00a0| Tampo\u00a0|\u00a0AC: Mobiliario Interno | Sof\u00e1 | Banquetas |\u00a0\" \/>\n<meta property=\"og:url\" content=\"https:\/\/ffebrazil.com\/en\/belo-cafe\/\" \/>\n<meta property=\"og:site_name\" content=\"FFE Brazil\" \/>\n<meta property=\"article:modified_time\" content=\"2025-12-10T20:37:12+00:00\" \/>\n<meta name=\"twitter:card\" content=\"summary_large_image\" \/>\n<meta name=\"twitter:label1\" content=\"Est. reading time\" \/>\n\t<meta name=\"twitter:data1\" content=\"1 minute\" \/>\n<script type=\"application\/ld+json\" class=\"yoast-schema-graph\">{\"@context\":\"https:\\\/\\\/schema.org\",\"@graph\":[{\"@type\":\"WebPage\",\"@id\":\"https:\\\/\\\/ffebrazil.com\\\/belo-cafe\\\/\",\"url\":\"https:\\\/\\\/ffebrazil.com\\\/belo-cafe\\\/\",\"name\":\"BEL\u00d4 CAF\u00c9 - FFE Brazil\",\"isPartOf\":{\"@id\":\"https:\\\/\\\/ffebrazil.com\\\/#website\"},\"datePublished\":\"2024-10-18T17:40:07+00:00\",\"dateModified\":\"2025-12-10T20:37:12+00:00\",\"breadcrumb\":{\"@id\":\"https:\\\/\\\/ffebrazil.com\\\/belo-cafe\\\/#breadcrumb\"},\"inLanguage\":\"en-US\",\"potentialAction\":[{\"@type\":\"ReadAction\",\"target\":[\"https:\\\/\\\/ffebrazil.com\\\/belo-cafe\\\/\"]}]},{\"@type\":\"BreadcrumbList\",\"@id\":\"https:\\\/\\\/ffebrazil.com\\\/belo-cafe\\\/#breadcrumb\",\"itemListElement\":[{\"@type\":\"ListItem\",\"position\":1,\"name\":\"In\u00edcio\",\"item\":\"https:\\\/\\\/ffebrazil.com\\\/\"},{\"@type\":\"ListItem\",\"position\":2,\"name\":\"BEL\u00d4 CAF\u00c9\"}]},{\"@type\":\"WebSite\",\"@id\":\"https:\\\/\\\/ffebrazil.com\\\/#website\",\"url\":\"https:\\\/\\\/ffebrazil.com\\\/\",\"name\":\"FFE Brazil\",\"description\":\"Furniture\",\"publisher\":{\"@id\":\"https:\\\/\\\/ffebrazil.com\\\/#organization\"},\"potentialAction\":[{\"@type\":\"SearchAction\",\"target\":{\"@type\":\"EntryPoint\",\"urlTemplate\":\"https:\\\/\\\/ffebrazil.com\\\/?s={search_term_string}\"},\"query-input\":{\"@type\":\"PropertyValueSpecification\",\"valueRequired\":true,\"valueName\":\"search_term_string\"}}],\"inLanguage\":\"en-US\"},{\"@type\":\"Organization\",\"@id\":\"https:\\\/\\\/ffebrazil.com\\\/#organization\",\"name\":\"FFE Brazil\",\"url\":\"https:\\\/\\\/ffebrazil.com\\\/\",\"logo\":{\"@type\":\"ImageObject\",\"inLanguage\":\"en-US\",\"@id\":\"https:\\\/\\\/ffebrazil.com\\\/#\\\/schema\\\/logo\\\/image\\\/\",\"url\":\"https:\\\/\\\/ffebrazil.com\\\/wp-content\\\/uploads\\\/2022\\\/01\\\/logo_l_ffe-2-3-2.png\",\"contentUrl\":\"https:\\\/\\\/ffebrazil.com\\\/wp-content\\\/uploads\\\/2022\\\/01\\\/logo_l_ffe-2-3-2.png\",\"width\":5166,\"height\":1873,\"caption\":\"FFE Brazil\"},\"image\":{\"@id\":\"https:\\\/\\\/ffebrazil.com\\\/#\\\/schema\\\/logo\\\/image\\\/\"}}]}<\/script>\n<!-- \/ Yoast SEO plugin. -->","yoast_head_json":{"title":"BEL\u00d4 CAF\u00c9 - FFE Brazil","robots":{"index":"index","follow":"follow","max-snippet":"max-snippet:-1","max-image-preview":"max-image-preview:large","max-video-preview":"max-video-preview:-1"},"canonical":"https:\/\/ffebrazil.com\/en\/belo-cafe\/","og_locale":"en_US","og_type":"article","og_title":"BEL\u00d4 CAF\u00c9 - FFE Brazil","og_description":"BEL\u00d4 CAF\u00c9 Localiza\u00e7\u00e3o: S\u00e3o Paulo \u2013 SP | Ano: 2024 \u00a0 Fornecimento: UHS: Mobili\u00e1rio Interno: Mesas | Cortinas\u00a0| Booths\u00a0| Tampo\u00a0|\u00a0AC: Mobiliario Interno | Sof\u00e1 | Banquetas |\u00a0","og_url":"https:\/\/ffebrazil.com\/en\/belo-cafe\/","og_site_name":"FFE Brazil","article_modified_time":"2025-12-10T20:37:12+00:00","twitter_card":"summary_large_image","twitter_misc":{"Est. reading time":"1 minute"},"schema":{"@context":"https:\/\/schema.org","@graph":[{"@type":"WebPage","@id":"https:\/\/ffebrazil.com\/belo-cafe\/","url":"https:\/\/ffebrazil.com\/belo-cafe\/","name":"BEL\u00d4 CAF\u00c9 - FFE Brazil","isPartOf":{"@id":"https:\/\/ffebrazil.com\/#website"},"datePublished":"2024-10-18T17:40:07+00:00","dateModified":"2025-12-10T20:37:12+00:00","breadcrumb":{"@id":"https:\/\/ffebrazil.com\/belo-cafe\/#breadcrumb"},"inLanguage":"en-US","potentialAction":[{"@type":"ReadAction","target":["https:\/\/ffebrazil.com\/belo-cafe\/"]}]},{"@type":"BreadcrumbList","@id":"https:\/\/ffebrazil.com\/belo-cafe\/#breadcrumb","itemListElement":[{"@type":"ListItem","position":1,"name":"In\u00edcio","item":"https:\/\/ffebrazil.com\/"},{"@type":"ListItem","position":2,"name":"BEL\u00d4 CAF\u00c9"}]},{"@type":"WebSite","@id":"https:\/\/ffebrazil.com\/#website","url":"https:\/\/ffebrazil.com\/","name":"FFE Brazil","description":"Furniture","publisher":{"@id":"https:\/\/ffebrazil.com\/#organization"},"potentialAction":[{"@type":"SearchAction","target":{"@type":"EntryPoint","urlTemplate":"https:\/\/ffebrazil.com\/?s={search_term_string}"},"query-input":{"@type":"PropertyValueSpecification","valueRequired":true,"valueName":"search_term_string"}}],"inLanguage":"en-US"},{"@type":"Organization","@id":"https:\/\/ffebrazil.com\/#organization","name":"FFE Brazil","url":"https:\/\/ffebrazil.com\/","logo":{"@type":"ImageObject","inLanguage":"en-US","@id":"https:\/\/ffebrazil.com\/#\/schema\/logo\/image\/","url":"https:\/\/ffebrazil.com\/wp-content\/uploads\/2022\/01\/logo_l_ffe-2-3-2.png","contentUrl":"https:\/\/ffebrazil.com\/wp-content\/uploads\/2022\/01\/logo_l_ffe-2-3-2.png","width":5166,"height":1873,"caption":"FFE Brazil"},"image":{"@id":"https:\/\/ffebrazil.com\/#\/schema\/logo\/image\/"}}]}},"jetpack_sharing_enabled":true,"_links":{"self":[{"href":"https:\/\/ffebrazil.com\/en\/wp-json\/wp\/v2\/pages\/9391","targetHints":{"allow":["GET"]}}],"collection":[{"href":"https:\/\/ffebrazil.com\/en\/wp-json\/wp\/v2\/pages"}],"about":[{"href":"https:\/\/ffebrazil.com\/en\/wp-json\/wp\/v2\/types\/page"}],"author":[{"embeddable":true,"href":"https:\/\/ffebrazil.com\/en\/wp-json\/wp\/v2\/users\/4"}],"replies":[{"embeddable":true,"href":"https:\/\/ffebrazil.com\/en\/wp-json\/wp\/v2\/comments?post=9391"}],"version-history":[{"count":5,"href":"https:\/\/ffebrazil.com\/en\/wp-json\/wp\/v2\/pages\/9391\/revisions"}],"predecessor-version":[{"id":10145,"href":"https:\/\/ffebrazil.com\/en\/wp-json\/wp\/v2\/pages\/9391\/revisions\/10145"}],"wp:attachment":[{"href":"https:\/\/ffebrazil.com\/en\/wp-json\/wp\/v2\/media?parent=9391"}],"curies":[{"name":"wp","href":"https:\/\/api.w.org\/{rel}","templated":true}]}}