{"id":9353,"date":"2024-10-18T14:13:26","date_gmt":"2024-10-18T17:13:26","guid":{"rendered":"https:\/\/ffebrazil.com\/?page_id=9353"},"modified":"2025-12-11T13:57:33","modified_gmt":"2025-12-11T16:57:33","slug":"soho-house-sao-paulo","status":"publish","type":"page","link":"https:\/\/ffebrazil.com\/en\/soho-house-sao-paulo\/","title":{"rendered":"SOHO HOUSE S\u00c3O PAULO"},"content":{"rendered":"<div data-elementor-type=\"wp-page\" data-elementor-id=\"9353\" class=\"elementor elementor-9353\" data-elementor-post-type=\"page\">\n\t\t\t\t<div class=\"elementor-element elementor-element-4aa2898 e-flex e-con-boxed e-con e-parent\" data-id=\"4aa2898\" data-element_type=\"container\" data-e-type=\"container\">\n\t\t\t\t\t<div class=\"e-con-inner\">\n\t\t\t\t<div class=\"elementor-element elementor-element-989cfeb elementor-widget elementor-widget-heading\" data-id=\"989cfeb\" data-element_type=\"widget\" data-e-type=\"widget\" data-widget_type=\"heading.default\">\n\t\t\t\t<div class=\"elementor-widget-container\">\n\t\t\t\t\t<h1 class=\"elementor-heading-title elementor-size-default\">SOHO HOUSE S\u00c3O PAULO<\/h1>\t\t\t\t<\/div>\n\t\t\t\t<\/div>\n\t\t\t\t<div class=\"elementor-element elementor-element-7462ead elementor-widget elementor-widget-text-editor\" data-id=\"7462ead\" data-element_type=\"widget\" data-e-type=\"widget\" data-widget_type=\"text-editor.default\">\n\t\t\t\t<div class=\"elementor-widget-container\">\n\t\t\t\t\t\t\t\t\t<p><strong>Location: S\u00e3o Paulo \u2013 SP, Brazil | Year: 2024<\/strong><\/p><p>FF&amp;E Supply:<br><br>\nGuestrooms : Custom Indoor Furniture including: Tables | Stools\u00a0<span style=\"color: var( --e-global-color-text ); font-family: var( --e-global-typography-text-font-family ), Sans-serif; font-size: var( --e-global-typography-text-font-size ); font-weight: var( --e-global-typography-text-font-weight );\">|\u00a0<\/span><span style=\"color: var( --e-global-color-text ); font-family: var( --e-global-typography-text-font-family ), Sans-serif; font-size: var( --e-global-typography-text-font-size ); font-weight: var( --e-global-typography-text-font-weight );\">Chairs\u00a0<\/span><span style=\"color: var( --e-global-color-text ); font-family: var( --e-global-typography-text-font-family ), Sans-serif; font-size: var( --e-global-typography-text-font-size ); font-weight: var( --e-global-typography-text-font-weight );\">| Ottoman\u00a0<\/span><span style=\"color: var( --e-global-color-text ); font-family: var( --e-global-typography-text-font-family ), Sans-serif; font-size: var( --e-global-typography-text-font-size ); font-weight: var( --e-global-typography-text-font-weight );\">| Mirrors |<br \/><\/span><span style=\"color: var( --e-global-color-text ); font-family: var( --e-global-typography-text-font-family ), Sans-serif; font-size: var( --e-global-typography-text-font-size ); font-weight: var( --e-global-typography-text-font-weight );\">Public Areas: <\/span><span style=\"color: var( --e-global-color-text ); font-family: var( --e-global-typography-text-font-family ), Sans-serif; font-size: var( --e-global-typography-text-font-size ); font-weight: var( --e-global-typography-text-font-weight );\">Indoor Furniture including: Sofa | Armchair |<\/span><span style=\"color: var( --e-global-color-text ); font-family: var( --e-global-typography-text-font-family ), Sans-serif; font-size: var( --e-global-typography-text-font-size ); font-weight: var( --e-global-typography-text-font-weight );\">\u00a0<\/span><\/p>\t\t\t\t\t\t\t\t<\/div>\n\t\t\t\t<\/div>\n\t\t\t\t\t<\/div>\n\t\t\t\t<\/div>\n\t\t<div class=\"elementor-element elementor-element-518b0f2 e-flex e-con-boxed e-con e-parent\" data-id=\"518b0f2\" data-element_type=\"container\" data-e-type=\"container\">\n\t\t\t\t\t<div class=\"e-con-inner\">\n\t\t\t\t<div class=\"elementor-element elementor-element-6b1471b elementor-widget elementor-widget-gallery\" data-id=\"6b1471b\" data-element_type=\"widget\" data-e-type=\"widget\" data-settings=\"{&quot;lazyload&quot;:&quot;yes&quot;,&quot;gallery_layout&quot;:&quot;grid&quot;,&quot;columns&quot;:4,&quot;columns_tablet&quot;:2,&quot;columns_mobile&quot;:1,&quot;gap&quot;:{&quot;unit&quot;:&quot;px&quot;,&quot;size&quot;:10,&quot;sizes&quot;:[]},&quot;gap_tablet&quot;:{&quot;unit&quot;:&quot;px&quot;,&quot;size&quot;:10,&quot;sizes&quot;:[]},&quot;gap_mobile&quot;:{&quot;unit&quot;:&quot;px&quot;,&quot;size&quot;:10,&quot;sizes&quot;:[]},&quot;link_to&quot;:&quot;file&quot;,&quot;aspect_ratio&quot;:&quot;3:2&quot;,&quot;overlay_background&quot;:&quot;yes&quot;,&quot;content_hover_animation&quot;:&quot;fade-in&quot;}\" data-widget_type=\"gallery.default\">\n\t\t\t\t<div class=\"elementor-widget-container\">\n\t\t\t\t\t\t\t<div class=\"elementor-gallery__container\">\n\t\t\t\t\t\t\t<a class=\"e-gallery-item elementor-gallery-item elementor-animated-content\" href=\"https:\/\/i0.wp.com\/ffebrazil.com\/wp-content\/uploads\/2024\/10\/soho08.jpg?fit=750%2C938&#038;ssl=1\" data-elementor-open-lightbox=\"yes\" data-elementor-lightbox-slideshow=\"6b1471b\" data-elementor-lightbox-title=\"soho08\" data-e-action-hash=\"#elementor-action%3Aaction%3Dlightbox%26settings%3DeyJpZCI6OTM2MiwidXJsIjoiaHR0cHM6XC9cL2ZmZWJyYXppbC5jb21cL3dwLWNvbnRlbnRcL3VwbG9hZHNcLzIwMjRcLzEwXC9zb2hvMDguanBnIiwic2xpZGVzaG93IjoiNmIxNDcxYiJ9\">\n\t\t\t\t\t<div class=\"e-gallery-image elementor-gallery-item__image\" data-thumbnail=\"https:\/\/i0.wp.com\/ffebrazil.com\/wp-content\/uploads\/2024\/10\/soho08.jpg?fit=240%2C300&amp;ssl=1\" data-width=\"240\" data-height=\"300\" aria-label=\"\" role=\"img\" ><\/div>\n\t\t\t\t\t\t\t\t\t\t\t<div class=\"elementor-gallery-item__overlay\"><\/div>\n\t\t\t\t\t\t\t\t\t\t\t\t\t\t<\/a>\n\t\t\t\t\t\t\t<a class=\"e-gallery-item elementor-gallery-item elementor-animated-content\" href=\"https:\/\/i0.wp.com\/ffebrazil.com\/wp-content\/uploads\/2024\/10\/soho07.jpg?fit=750%2C938&#038;ssl=1\" data-elementor-open-lightbox=\"yes\" data-elementor-lightbox-slideshow=\"6b1471b\" data-elementor-lightbox-title=\"soho07\" data-e-action-hash=\"#elementor-action%3Aaction%3Dlightbox%26settings%3DeyJpZCI6OTM2MSwidXJsIjoiaHR0cHM6XC9cL2ZmZWJyYXppbC5jb21cL3dwLWNvbnRlbnRcL3VwbG9hZHNcLzIwMjRcLzEwXC9zb2hvMDcuanBnIiwic2xpZGVzaG93IjoiNmIxNDcxYiJ9\">\n\t\t\t\t\t<div class=\"e-gallery-image elementor-gallery-item__image\" data-thumbnail=\"https:\/\/i0.wp.com\/ffebrazil.com\/wp-content\/uploads\/2024\/10\/soho07.jpg?fit=240%2C300&amp;ssl=1\" data-width=\"240\" data-height=\"300\" aria-label=\"\" role=\"img\" ><\/div>\n\t\t\t\t\t\t\t\t\t\t\t<div class=\"elementor-gallery-item__overlay\"><\/div>\n\t\t\t\t\t\t\t\t\t\t\t\t\t\t<\/a>\n\t\t\t\t\t\t\t<a class=\"e-gallery-item elementor-gallery-item elementor-animated-content\" href=\"https:\/\/i0.wp.com\/ffebrazil.com\/wp-content\/uploads\/2024\/10\/soho06.jpg?fit=750%2C935&#038;ssl=1\" data-elementor-open-lightbox=\"yes\" data-elementor-lightbox-slideshow=\"6b1471b\" data-elementor-lightbox-title=\"soho06\" data-e-action-hash=\"#elementor-action%3Aaction%3Dlightbox%26settings%3DeyJpZCI6OTM2MCwidXJsIjoiaHR0cHM6XC9cL2ZmZWJyYXppbC5jb21cL3dwLWNvbnRlbnRcL3VwbG9hZHNcLzIwMjRcLzEwXC9zb2hvMDYuanBnIiwic2xpZGVzaG93IjoiNmIxNDcxYiJ9\">\n\t\t\t\t\t<div class=\"e-gallery-image elementor-gallery-item__image\" data-thumbnail=\"https:\/\/i0.wp.com\/ffebrazil.com\/wp-content\/uploads\/2024\/10\/soho06.jpg?fit=241%2C300&amp;ssl=1\" data-width=\"241\" data-height=\"300\" aria-label=\"\" role=\"img\" ><\/div>\n\t\t\t\t\t\t\t\t\t\t\t<div class=\"elementor-gallery-item__overlay\"><\/div>\n\t\t\t\t\t\t\t\t\t\t\t\t\t\t<\/a>\n\t\t\t\t\t\t\t<a class=\"e-gallery-item elementor-gallery-item elementor-animated-content\" href=\"https:\/\/i0.wp.com\/ffebrazil.com\/wp-content\/uploads\/2024\/10\/soho05.jpg?fit=750%2C935&#038;ssl=1\" data-elementor-open-lightbox=\"yes\" data-elementor-lightbox-slideshow=\"6b1471b\" data-elementor-lightbox-title=\"soho05\" data-e-action-hash=\"#elementor-action%3Aaction%3Dlightbox%26settings%3DeyJpZCI6OTM1OSwidXJsIjoiaHR0cHM6XC9cL2ZmZWJyYXppbC5jb21cL3dwLWNvbnRlbnRcL3VwbG9hZHNcLzIwMjRcLzEwXC9zb2hvMDUuanBnIiwic2xpZGVzaG93IjoiNmIxNDcxYiJ9\">\n\t\t\t\t\t<div class=\"e-gallery-image elementor-gallery-item__image\" data-thumbnail=\"https:\/\/i0.wp.com\/ffebrazil.com\/wp-content\/uploads\/2024\/10\/soho05.jpg?fit=241%2C300&amp;ssl=1\" data-width=\"241\" data-height=\"300\" aria-label=\"\" role=\"img\" ><\/div>\n\t\t\t\t\t\t\t\t\t\t\t<div class=\"elementor-gallery-item__overlay\"><\/div>\n\t\t\t\t\t\t\t\t\t\t\t\t\t\t<\/a>\n\t\t\t\t\t\t\t<a class=\"e-gallery-item elementor-gallery-item elementor-animated-content\" href=\"https:\/\/i0.wp.com\/ffebrazil.com\/wp-content\/uploads\/2024\/10\/soho04.jpg?fit=750%2C935&#038;ssl=1\" data-elementor-open-lightbox=\"yes\" data-elementor-lightbox-slideshow=\"6b1471b\" data-elementor-lightbox-title=\"soho04\" data-e-action-hash=\"#elementor-action%3Aaction%3Dlightbox%26settings%3DeyJpZCI6OTM1OCwidXJsIjoiaHR0cHM6XC9cL2ZmZWJyYXppbC5jb21cL3dwLWNvbnRlbnRcL3VwbG9hZHNcLzIwMjRcLzEwXC9zb2hvMDQuanBnIiwic2xpZGVzaG93IjoiNmIxNDcxYiJ9\">\n\t\t\t\t\t<div class=\"e-gallery-image elementor-gallery-item__image\" data-thumbnail=\"https:\/\/i0.wp.com\/ffebrazil.com\/wp-content\/uploads\/2024\/10\/soho04.jpg?fit=241%2C300&amp;ssl=1\" data-width=\"241\" data-height=\"300\" aria-label=\"\" role=\"img\" ><\/div>\n\t\t\t\t\t\t\t\t\t\t\t<div class=\"elementor-gallery-item__overlay\"><\/div>\n\t\t\t\t\t\t\t\t\t\t\t\t\t\t<\/a>\n\t\t\t\t\t\t\t<a class=\"e-gallery-item elementor-gallery-item elementor-animated-content\" href=\"https:\/\/i0.wp.com\/ffebrazil.com\/wp-content\/uploads\/2024\/10\/soho03.jpg?fit=750%2C935&#038;ssl=1\" data-elementor-open-lightbox=\"yes\" data-elementor-lightbox-slideshow=\"6b1471b\" data-elementor-lightbox-title=\"soho03\" data-e-action-hash=\"#elementor-action%3Aaction%3Dlightbox%26settings%3DeyJpZCI6OTM1NywidXJsIjoiaHR0cHM6XC9cL2ZmZWJyYXppbC5jb21cL3dwLWNvbnRlbnRcL3VwbG9hZHNcLzIwMjRcLzEwXC9zb2hvMDMuanBnIiwic2xpZGVzaG93IjoiNmIxNDcxYiJ9\">\n\t\t\t\t\t<div class=\"e-gallery-image elementor-gallery-item__image\" data-thumbnail=\"https:\/\/i0.wp.com\/ffebrazil.com\/wp-content\/uploads\/2024\/10\/soho03.jpg?fit=241%2C300&amp;ssl=1\" data-width=\"241\" data-height=\"300\" aria-label=\"\" role=\"img\" ><\/div>\n\t\t\t\t\t\t\t\t\t\t\t<div class=\"elementor-gallery-item__overlay\"><\/div>\n\t\t\t\t\t\t\t\t\t\t\t\t\t\t<\/a>\n\t\t\t\t\t\t\t<a class=\"e-gallery-item elementor-gallery-item elementor-animated-content\" href=\"https:\/\/i0.wp.com\/ffebrazil.com\/wp-content\/uploads\/2024\/10\/soho02.jpg?fit=750%2C840&#038;ssl=1\" data-elementor-open-lightbox=\"yes\" data-elementor-lightbox-slideshow=\"6b1471b\" data-elementor-lightbox-title=\"soho02\" data-e-action-hash=\"#elementor-action%3Aaction%3Dlightbox%26settings%3DeyJpZCI6OTM1NiwidXJsIjoiaHR0cHM6XC9cL2ZmZWJyYXppbC5jb21cL3dwLWNvbnRlbnRcL3VwbG9hZHNcLzIwMjRcLzEwXC9zb2hvMDIuanBnIiwic2xpZGVzaG93IjoiNmIxNDcxYiJ9\">\n\t\t\t\t\t<div class=\"e-gallery-image elementor-gallery-item__image\" data-thumbnail=\"https:\/\/i0.wp.com\/ffebrazil.com\/wp-content\/uploads\/2024\/10\/soho02.jpg?fit=268%2C300&amp;ssl=1\" data-width=\"268\" data-height=\"300\" aria-label=\"\" role=\"img\" ><\/div>\n\t\t\t\t\t\t\t\t\t\t\t<div class=\"elementor-gallery-item__overlay\"><\/div>\n\t\t\t\t\t\t\t\t\t\t\t\t\t\t<\/a>\n\t\t\t\t\t\t\t<a class=\"e-gallery-item elementor-gallery-item elementor-animated-content\" href=\"https:\/\/i0.wp.com\/ffebrazil.com\/wp-content\/uploads\/2024\/10\/soho01.jpg?fit=750%2C777&#038;ssl=1\" data-elementor-open-lightbox=\"yes\" data-elementor-lightbox-slideshow=\"6b1471b\" data-elementor-lightbox-title=\"soho01\" data-e-action-hash=\"#elementor-action%3Aaction%3Dlightbox%26settings%3DeyJpZCI6OTM1NSwidXJsIjoiaHR0cHM6XC9cL2ZmZWJyYXppbC5jb21cL3dwLWNvbnRlbnRcL3VwbG9hZHNcLzIwMjRcLzEwXC9zb2hvMDEuanBnIiwic2xpZGVzaG93IjoiNmIxNDcxYiJ9\">\n\t\t\t\t\t<div class=\"e-gallery-image elementor-gallery-item__image\" data-thumbnail=\"https:\/\/i0.wp.com\/ffebrazil.com\/wp-content\/uploads\/2024\/10\/soho01.jpg?fit=290%2C300&amp;ssl=1\" data-width=\"290\" data-height=\"300\" aria-label=\"\" role=\"img\" ><\/div>\n\t\t\t\t\t\t\t\t\t\t\t<div class=\"elementor-gallery-item__overlay\"><\/div>\n\t\t\t\t\t\t\t\t\t\t\t\t\t\t<\/a>\n\t\t\t\t\t<\/div>\n\t\t\t\t\t<\/div>\n\t\t\t\t<\/div>\n\t\t\t\t\t<\/div>\n\t\t\t\t<\/div>\n\t\t\t\t<\/div>","protected":false},"excerpt":{"rendered":"<p>SOHO HOUSE S\u00c3O PAULO Localiza\u00e7\u00e3o: S\u00e3o Paulo \u2013 SP | Ano: 2024 Fornecimento: UHS: Mobili\u00e1rio Interno: Mesas | Banquetas\u00a0|\u00a0Cadeiras\u00a0| Puff\u00a0| EspelhosAC: Mobiliario Interno | Sof\u00e1 | Poltrona |\u00a0<\/p>","protected":false},"author":4,"featured_media":0,"parent":0,"menu_order":4,"comment_status":"closed","ping_status":"closed","template":"elementor_header_footer","meta":{"nf_dc_page":"","_eb_attr":"","footnotes":""},"class_list":["post-9353","page","type-page","status-publish","hentry","entry"],"yoast_head":"<!-- This site is optimized with the Yoast SEO plugin v27.5 - https:\/\/yoast.com\/product\/yoast-seo-wordpress\/ -->\n<title>SOHO HOUSE S\u00c3O PAULO - FFE Brazil<\/title>\n<meta name=\"robots\" content=\"index, follow, max-snippet:-1, max-image-preview:large, max-video-preview:-1\" \/>\n<link rel=\"canonical\" href=\"https:\/\/ffebrazil.com\/en\/soho-house-sao-paulo\/\" \/>\n<meta property=\"og:locale\" content=\"en_US\" \/>\n<meta property=\"og:type\" content=\"article\" \/>\n<meta property=\"og:title\" content=\"SOHO HOUSE S\u00c3O PAULO - FFE Brazil\" \/>\n<meta property=\"og:description\" content=\"SOHO HOUSE S\u00c3O PAULO Localiza\u00e7\u00e3o: S\u00e3o Paulo \u2013 SP | Ano: 2024 Fornecimento: UHS: Mobili\u00e1rio Interno: Mesas | Banquetas\u00a0|\u00a0Cadeiras\u00a0| Puff\u00a0| EspelhosAC: Mobiliario Interno | Sof\u00e1 | Poltrona |\u00a0\" \/>\n<meta property=\"og:url\" content=\"https:\/\/ffebrazil.com\/en\/soho-house-sao-paulo\/\" \/>\n<meta property=\"og:site_name\" content=\"FFE Brazil\" \/>\n<meta property=\"article:modified_time\" content=\"2025-12-11T16:57:33+00:00\" \/>\n<meta name=\"twitter:card\" content=\"summary_large_image\" \/>\n<meta name=\"twitter:label1\" content=\"Est. reading time\" \/>\n\t<meta name=\"twitter:data1\" content=\"1 minute\" \/>\n<script type=\"application\/ld+json\" class=\"yoast-schema-graph\">{\"@context\":\"https:\\\/\\\/schema.org\",\"@graph\":[{\"@type\":\"WebPage\",\"@id\":\"https:\\\/\\\/ffebrazil.com\\\/soho-house-sao-paulo\\\/\",\"url\":\"https:\\\/\\\/ffebrazil.com\\\/soho-house-sao-paulo\\\/\",\"name\":\"SOHO HOUSE S\u00c3O PAULO - FFE Brazil\",\"isPartOf\":{\"@id\":\"https:\\\/\\\/ffebrazil.com\\\/#website\"},\"datePublished\":\"2024-10-18T17:13:26+00:00\",\"dateModified\":\"2025-12-11T16:57:33+00:00\",\"breadcrumb\":{\"@id\":\"https:\\\/\\\/ffebrazil.com\\\/soho-house-sao-paulo\\\/#breadcrumb\"},\"inLanguage\":\"en-US\",\"potentialAction\":[{\"@type\":\"ReadAction\",\"target\":[\"https:\\\/\\\/ffebrazil.com\\\/soho-house-sao-paulo\\\/\"]}]},{\"@type\":\"BreadcrumbList\",\"@id\":\"https:\\\/\\\/ffebrazil.com\\\/soho-house-sao-paulo\\\/#breadcrumb\",\"itemListElement\":[{\"@type\":\"ListItem\",\"position\":1,\"name\":\"In\u00edcio\",\"item\":\"https:\\\/\\\/ffebrazil.com\\\/\"},{\"@type\":\"ListItem\",\"position\":2,\"name\":\"SOHO HOUSE S\u00c3O PAULO\"}]},{\"@type\":\"WebSite\",\"@id\":\"https:\\\/\\\/ffebrazil.com\\\/#website\",\"url\":\"https:\\\/\\\/ffebrazil.com\\\/\",\"name\":\"FFE Brazil\",\"description\":\"Furniture\",\"publisher\":{\"@id\":\"https:\\\/\\\/ffebrazil.com\\\/#organization\"},\"potentialAction\":[{\"@type\":\"SearchAction\",\"target\":{\"@type\":\"EntryPoint\",\"urlTemplate\":\"https:\\\/\\\/ffebrazil.com\\\/?s={search_term_string}\"},\"query-input\":{\"@type\":\"PropertyValueSpecification\",\"valueRequired\":true,\"valueName\":\"search_term_string\"}}],\"inLanguage\":\"en-US\"},{\"@type\":\"Organization\",\"@id\":\"https:\\\/\\\/ffebrazil.com\\\/#organization\",\"name\":\"FFE Brazil\",\"url\":\"https:\\\/\\\/ffebrazil.com\\\/\",\"logo\":{\"@type\":\"ImageObject\",\"inLanguage\":\"en-US\",\"@id\":\"https:\\\/\\\/ffebrazil.com\\\/#\\\/schema\\\/logo\\\/image\\\/\",\"url\":\"https:\\\/\\\/ffebrazil.com\\\/wp-content\\\/uploads\\\/2022\\\/01\\\/logo_l_ffe-2-3-2.png\",\"contentUrl\":\"https:\\\/\\\/ffebrazil.com\\\/wp-content\\\/uploads\\\/2022\\\/01\\\/logo_l_ffe-2-3-2.png\",\"width\":5166,\"height\":1873,\"caption\":\"FFE Brazil\"},\"image\":{\"@id\":\"https:\\\/\\\/ffebrazil.com\\\/#\\\/schema\\\/logo\\\/image\\\/\"}}]}<\/script>\n<!-- \/ Yoast SEO plugin. -->","yoast_head_json":{"title":"SOHO HOUSE S\u00c3O PAULO - FFE Brazil","robots":{"index":"index","follow":"follow","max-snippet":"max-snippet:-1","max-image-preview":"max-image-preview:large","max-video-preview":"max-video-preview:-1"},"canonical":"https:\/\/ffebrazil.com\/en\/soho-house-sao-paulo\/","og_locale":"en_US","og_type":"article","og_title":"SOHO HOUSE S\u00c3O PAULO - FFE Brazil","og_description":"SOHO HOUSE S\u00c3O PAULO Localiza\u00e7\u00e3o: S\u00e3o Paulo \u2013 SP | Ano: 2024 Fornecimento: UHS: Mobili\u00e1rio Interno: Mesas | Banquetas\u00a0|\u00a0Cadeiras\u00a0| Puff\u00a0| EspelhosAC: Mobiliario Interno | Sof\u00e1 | Poltrona |\u00a0","og_url":"https:\/\/ffebrazil.com\/en\/soho-house-sao-paulo\/","og_site_name":"FFE Brazil","article_modified_time":"2025-12-11T16:57:33+00:00","twitter_card":"summary_large_image","twitter_misc":{"Est. reading time":"1 minute"},"schema":{"@context":"https:\/\/schema.org","@graph":[{"@type":"WebPage","@id":"https:\/\/ffebrazil.com\/soho-house-sao-paulo\/","url":"https:\/\/ffebrazil.com\/soho-house-sao-paulo\/","name":"SOHO HOUSE S\u00c3O PAULO - FFE Brazil","isPartOf":{"@id":"https:\/\/ffebrazil.com\/#website"},"datePublished":"2024-10-18T17:13:26+00:00","dateModified":"2025-12-11T16:57:33+00:00","breadcrumb":{"@id":"https:\/\/ffebrazil.com\/soho-house-sao-paulo\/#breadcrumb"},"inLanguage":"en-US","potentialAction":[{"@type":"ReadAction","target":["https:\/\/ffebrazil.com\/soho-house-sao-paulo\/"]}]},{"@type":"BreadcrumbList","@id":"https:\/\/ffebrazil.com\/soho-house-sao-paulo\/#breadcrumb","itemListElement":[{"@type":"ListItem","position":1,"name":"In\u00edcio","item":"https:\/\/ffebrazil.com\/"},{"@type":"ListItem","position":2,"name":"SOHO HOUSE S\u00c3O PAULO"}]},{"@type":"WebSite","@id":"https:\/\/ffebrazil.com\/#website","url":"https:\/\/ffebrazil.com\/","name":"FFE Brazil","description":"Furniture","publisher":{"@id":"https:\/\/ffebrazil.com\/#organization"},"potentialAction":[{"@type":"SearchAction","target":{"@type":"EntryPoint","urlTemplate":"https:\/\/ffebrazil.com\/?s={search_term_string}"},"query-input":{"@type":"PropertyValueSpecification","valueRequired":true,"valueName":"search_term_string"}}],"inLanguage":"en-US"},{"@type":"Organization","@id":"https:\/\/ffebrazil.com\/#organization","name":"FFE Brazil","url":"https:\/\/ffebrazil.com\/","logo":{"@type":"ImageObject","inLanguage":"en-US","@id":"https:\/\/ffebrazil.com\/#\/schema\/logo\/image\/","url":"https:\/\/ffebrazil.com\/wp-content\/uploads\/2022\/01\/logo_l_ffe-2-3-2.png","contentUrl":"https:\/\/ffebrazil.com\/wp-content\/uploads\/2022\/01\/logo_l_ffe-2-3-2.png","width":5166,"height":1873,"caption":"FFE Brazil"},"image":{"@id":"https:\/\/ffebrazil.com\/#\/schema\/logo\/image\/"}}]}},"jetpack_sharing_enabled":true,"_links":{"self":[{"href":"https:\/\/ffebrazil.com\/en\/wp-json\/wp\/v2\/pages\/9353","targetHints":{"allow":["GET"]}}],"collection":[{"href":"https:\/\/ffebrazil.com\/en\/wp-json\/wp\/v2\/pages"}],"about":[{"href":"https:\/\/ffebrazil.com\/en\/wp-json\/wp\/v2\/types\/page"}],"author":[{"embeddable":true,"href":"https:\/\/ffebrazil.com\/en\/wp-json\/wp\/v2\/users\/4"}],"replies":[{"embeddable":true,"href":"https:\/\/ffebrazil.com\/en\/wp-json\/wp\/v2\/comments?post=9353"}],"version-history":[{"count":5,"href":"https:\/\/ffebrazil.com\/en\/wp-json\/wp\/v2\/pages\/9353\/revisions"}],"predecessor-version":[{"id":10163,"href":"https:\/\/ffebrazil.com\/en\/wp-json\/wp\/v2\/pages\/9353\/revisions\/10163"}],"wp:attachment":[{"href":"https:\/\/ffebrazil.com\/en\/wp-json\/wp\/v2\/media?parent=9353"}],"curies":[{"name":"wp","href":"https:\/\/api.w.org\/{rel}","templated":true}]}}