{"id":8786,"date":"2023-11-28T21:15:34","date_gmt":"2023-11-29T00:15:34","guid":{"rendered":"https:\/\/ffebrazil.com\/?page_id=8786"},"modified":"2025-12-10T17:10:43","modified_gmt":"2025-12-10T20:10:43","slug":"fasano-trancoso","status":"publish","type":"page","link":"https:\/\/ffebrazil.com\/en\/fasano-trancoso\/","title":{"rendered":"FASANO TRANCOSO"},"content":{"rendered":"<div data-elementor-type=\"wp-page\" data-elementor-id=\"8786\" class=\"elementor elementor-8786\" data-elementor-post-type=\"page\">\n\t\t\t\t<div class=\"elementor-element elementor-element-68c5254 e-flex e-con-boxed e-con e-parent\" data-id=\"68c5254\" data-element_type=\"container\" data-e-type=\"container\">\n\t\t\t\t\t<div class=\"e-con-inner\">\n\t\t\t\t<div class=\"elementor-element elementor-element-bf1226f elementor-widget elementor-widget-heading\" data-id=\"bf1226f\" data-element_type=\"widget\" data-e-type=\"widget\" data-widget_type=\"heading.default\">\n\t\t\t\t<div class=\"elementor-widget-container\">\n\t\t\t\t\t<h1 class=\"elementor-heading-title elementor-size-default\">FASANO TRANCOSO<\/h1>\t\t\t\t<\/div>\n\t\t\t\t<\/div>\n\t\t\t\t<div class=\"elementor-element elementor-element-b0d37e3 elementor-widget elementor-widget-text-editor\" data-id=\"b0d37e3\" data-element_type=\"widget\" data-e-type=\"widget\" data-widget_type=\"text-editor.default\">\n\t\t\t\t<div class=\"elementor-widget-container\">\n\t\t\t\t\t\t\t\t\t<p><strong><span class=\"fontstyle2\"><span class=\"fontstyle0\">Location: <\/span>Bahia - BA, Brazil | <span class=\"fontstyle0\">Year: <\/span>2020<br \/><br \/><\/span><\/strong><span class=\"fontstyle2\"><span class=\"fontstyle0\">FF&amp;E Supply: <br><br> <\/span><\/span><span class=\"fontstyle2\">Guestrooms: Outdoor Furniture including: Lighting |\u00a0 \u00a0<\/span><\/p>\t\t\t\t\t\t\t\t<\/div>\n\t\t\t\t<\/div>\n\t\t\t\t\t<\/div>\n\t\t\t\t<\/div>\n\t\t<div class=\"elementor-element elementor-element-8b15e51 e-flex e-con-boxed e-con e-parent\" data-id=\"8b15e51\" data-element_type=\"container\" data-e-type=\"container\">\n\t\t\t\t\t<div class=\"e-con-inner\">\n\t\t\t\t<div class=\"elementor-element elementor-element-b27d223 elementor-widget elementor-widget-gallery\" data-id=\"b27d223\" data-element_type=\"widget\" data-e-type=\"widget\" data-settings=\"{&quot;lazyload&quot;:&quot;yes&quot;,&quot;gallery_layout&quot;:&quot;grid&quot;,&quot;columns&quot;:4,&quot;columns_tablet&quot;:2,&quot;columns_mobile&quot;:1,&quot;gap&quot;:{&quot;unit&quot;:&quot;px&quot;,&quot;size&quot;:10,&quot;sizes&quot;:[]},&quot;gap_tablet&quot;:{&quot;unit&quot;:&quot;px&quot;,&quot;size&quot;:10,&quot;sizes&quot;:[]},&quot;gap_mobile&quot;:{&quot;unit&quot;:&quot;px&quot;,&quot;size&quot;:10,&quot;sizes&quot;:[]},&quot;link_to&quot;:&quot;file&quot;,&quot;aspect_ratio&quot;:&quot;3:2&quot;,&quot;overlay_background&quot;:&quot;yes&quot;,&quot;content_hover_animation&quot;:&quot;fade-in&quot;}\" data-widget_type=\"gallery.default\">\n\t\t\t\t<div class=\"elementor-widget-container\">\n\t\t\t\t\t\t\t<div class=\"elementor-gallery__container\">\n\t\t\t\t\t\t\t<a class=\"e-gallery-item elementor-gallery-item elementor-animated-content\" href=\"https:\/\/i0.wp.com\/ffebrazil.com\/wp-content\/uploads\/2023\/11\/DM_20231121154144_001.jpeg?fit=1772%2C1024&#038;ssl=1\" data-elementor-open-lightbox=\"yes\" data-elementor-lightbox-slideshow=\"b27d223\" data-elementor-lightbox-title=\"DM_20231121154144_001\" data-e-action-hash=\"#elementor-action%3Aaction%3Dlightbox%26settings%3DeyJpZCI6ODUwMSwidXJsIjoiaHR0cHM6XC9cL2ZmZWJyYXppbC5jb21cL3dwLWNvbnRlbnRcL3VwbG9hZHNcLzIwMjNcLzExXC9ETV8yMDIzMTEyMTE1NDE0NF8wMDEuanBlZyIsInNsaWRlc2hvdyI6ImIyN2QyMjMifQ%3D%3D\">\n\t\t\t\t\t<div class=\"e-gallery-image elementor-gallery-item__image\" data-thumbnail=\"https:\/\/i0.wp.com\/ffebrazil.com\/wp-content\/uploads\/2023\/11\/DM_20231121154144_001.jpeg?fit=300%2C173&amp;ssl=1\" data-width=\"300\" data-height=\"173\" aria-label=\"\" role=\"img\" ><\/div>\n\t\t\t\t\t\t\t\t\t\t\t<div class=\"elementor-gallery-item__overlay\"><\/div>\n\t\t\t\t\t\t\t\t\t\t\t\t\t\t<\/a>\n\t\t\t\t\t\t\t<a class=\"e-gallery-item elementor-gallery-item elementor-animated-content\" href=\"https:\/\/i0.wp.com\/ffebrazil.com\/wp-content\/uploads\/2023\/11\/DM_20231121154144_002.jpeg?fit=1772%2C1024&#038;ssl=1\" data-elementor-open-lightbox=\"yes\" data-elementor-lightbox-slideshow=\"b27d223\" data-elementor-lightbox-title=\"DM_20231121154144_002\" data-e-action-hash=\"#elementor-action%3Aaction%3Dlightbox%26settings%3DeyJpZCI6ODUwMiwidXJsIjoiaHR0cHM6XC9cL2ZmZWJyYXppbC5jb21cL3dwLWNvbnRlbnRcL3VwbG9hZHNcLzIwMjNcLzExXC9ETV8yMDIzMTEyMTE1NDE0NF8wMDIuanBlZyIsInNsaWRlc2hvdyI6ImIyN2QyMjMifQ%3D%3D\">\n\t\t\t\t\t<div class=\"e-gallery-image elementor-gallery-item__image\" data-thumbnail=\"https:\/\/i0.wp.com\/ffebrazil.com\/wp-content\/uploads\/2023\/11\/DM_20231121154144_002.jpeg?fit=300%2C173&amp;ssl=1\" data-width=\"300\" data-height=\"173\" aria-label=\"\" role=\"img\" ><\/div>\n\t\t\t\t\t\t\t\t\t\t\t<div class=\"elementor-gallery-item__overlay\"><\/div>\n\t\t\t\t\t\t\t\t\t\t\t\t\t\t<\/a>\n\t\t\t\t\t\t\t<a class=\"e-gallery-item elementor-gallery-item elementor-animated-content\" href=\"https:\/\/i0.wp.com\/ffebrazil.com\/wp-content\/uploads\/2023\/11\/DM_20231121154144_003.jpeg?fit=1772%2C1024&#038;ssl=1\" data-elementor-open-lightbox=\"yes\" data-elementor-lightbox-slideshow=\"b27d223\" data-elementor-lightbox-title=\"DM_20231121154144_003\" data-e-action-hash=\"#elementor-action%3Aaction%3Dlightbox%26settings%3DeyJpZCI6ODUwMywidXJsIjoiaHR0cHM6XC9cL2ZmZWJyYXppbC5jb21cL3dwLWNvbnRlbnRcL3VwbG9hZHNcLzIwMjNcLzExXC9ETV8yMDIzMTEyMTE1NDE0NF8wMDMuanBlZyIsInNsaWRlc2hvdyI6ImIyN2QyMjMifQ%3D%3D\">\n\t\t\t\t\t<div class=\"e-gallery-image elementor-gallery-item__image\" data-thumbnail=\"https:\/\/i0.wp.com\/ffebrazil.com\/wp-content\/uploads\/2023\/11\/DM_20231121154144_003.jpeg?fit=300%2C173&amp;ssl=1\" data-width=\"300\" data-height=\"173\" aria-label=\"\" role=\"img\" ><\/div>\n\t\t\t\t\t\t\t\t\t\t\t<div class=\"elementor-gallery-item__overlay\"><\/div>\n\t\t\t\t\t\t\t\t\t\t\t\t\t\t<\/a>\n\t\t\t\t\t\t\t<a class=\"e-gallery-item elementor-gallery-item elementor-animated-content\" href=\"https:\/\/i0.wp.com\/ffebrazil.com\/wp-content\/uploads\/2023\/11\/DM_20231121154144_004.jpeg?fit=1772%2C1024&#038;ssl=1\" data-elementor-open-lightbox=\"yes\" data-elementor-lightbox-slideshow=\"b27d223\" data-elementor-lightbox-title=\"DM_20231121154144_004\" data-e-action-hash=\"#elementor-action%3Aaction%3Dlightbox%26settings%3DeyJpZCI6ODUwNCwidXJsIjoiaHR0cHM6XC9cL2ZmZWJyYXppbC5jb21cL3dwLWNvbnRlbnRcL3VwbG9hZHNcLzIwMjNcLzExXC9ETV8yMDIzMTEyMTE1NDE0NF8wMDQuanBlZyIsInNsaWRlc2hvdyI6ImIyN2QyMjMifQ%3D%3D\">\n\t\t\t\t\t<div class=\"e-gallery-image elementor-gallery-item__image\" data-thumbnail=\"https:\/\/i0.wp.com\/ffebrazil.com\/wp-content\/uploads\/2023\/11\/DM_20231121154144_004.jpeg?fit=300%2C173&amp;ssl=1\" data-width=\"300\" data-height=\"173\" aria-label=\"\" role=\"img\" ><\/div>\n\t\t\t\t\t\t\t\t\t\t\t<div class=\"elementor-gallery-item__overlay\"><\/div>\n\t\t\t\t\t\t\t\t\t\t\t\t\t\t<\/a>\n\t\t\t\t\t\t\t<a class=\"e-gallery-item elementor-gallery-item elementor-animated-content\" href=\"https:\/\/i0.wp.com\/ffebrazil.com\/wp-content\/uploads\/2023\/11\/DM_20231121154144_005.jpeg?fit=1772%2C1024&#038;ssl=1\" data-elementor-open-lightbox=\"yes\" data-elementor-lightbox-slideshow=\"b27d223\" data-elementor-lightbox-title=\"DM_20231121154144_005\" data-e-action-hash=\"#elementor-action%3Aaction%3Dlightbox%26settings%3DeyJpZCI6ODUwNSwidXJsIjoiaHR0cHM6XC9cL2ZmZWJyYXppbC5jb21cL3dwLWNvbnRlbnRcL3VwbG9hZHNcLzIwMjNcLzExXC9ETV8yMDIzMTEyMTE1NDE0NF8wMDUuanBlZyIsInNsaWRlc2hvdyI6ImIyN2QyMjMifQ%3D%3D\">\n\t\t\t\t\t<div class=\"e-gallery-image elementor-gallery-item__image\" data-thumbnail=\"https:\/\/i0.wp.com\/ffebrazil.com\/wp-content\/uploads\/2023\/11\/DM_20231121154144_005.jpeg?fit=300%2C173&amp;ssl=1\" data-width=\"300\" data-height=\"173\" aria-label=\"\" role=\"img\" ><\/div>\n\t\t\t\t\t\t\t\t\t\t\t<div class=\"elementor-gallery-item__overlay\"><\/div>\n\t\t\t\t\t\t\t\t\t\t\t\t\t\t<\/a>\n\t\t\t\t\t\t\t<a class=\"e-gallery-item elementor-gallery-item elementor-animated-content\" href=\"https:\/\/i0.wp.com\/ffebrazil.com\/wp-content\/uploads\/2023\/11\/DM_20231121154144_006.jpeg?fit=1772%2C1024&#038;ssl=1\" data-elementor-open-lightbox=\"yes\" data-elementor-lightbox-slideshow=\"b27d223\" data-elementor-lightbox-title=\"DM_20231121154144_006\" data-e-action-hash=\"#elementor-action%3Aaction%3Dlightbox%26settings%3DeyJpZCI6ODUwNiwidXJsIjoiaHR0cHM6XC9cL2ZmZWJyYXppbC5jb21cL3dwLWNvbnRlbnRcL3VwbG9hZHNcLzIwMjNcLzExXC9ETV8yMDIzMTEyMTE1NDE0NF8wMDYuanBlZyIsInNsaWRlc2hvdyI6ImIyN2QyMjMifQ%3D%3D\">\n\t\t\t\t\t<div class=\"e-gallery-image elementor-gallery-item__image\" data-thumbnail=\"https:\/\/i0.wp.com\/ffebrazil.com\/wp-content\/uploads\/2023\/11\/DM_20231121154144_006.jpeg?fit=300%2C173&amp;ssl=1\" data-width=\"300\" data-height=\"173\" aria-label=\"\" role=\"img\" ><\/div>\n\t\t\t\t\t\t\t\t\t\t\t<div class=\"elementor-gallery-item__overlay\"><\/div>\n\t\t\t\t\t\t\t\t\t\t\t\t\t\t<\/a>\n\t\t\t\t\t\t\t<a class=\"e-gallery-item elementor-gallery-item elementor-animated-content\" href=\"https:\/\/i0.wp.com\/ffebrazil.com\/wp-content\/uploads\/2023\/11\/DM_20231121154144_007.jpeg?fit=1772%2C1024&#038;ssl=1\" data-elementor-open-lightbox=\"yes\" data-elementor-lightbox-slideshow=\"b27d223\" data-elementor-lightbox-title=\"DM_20231121154144_007\" data-e-action-hash=\"#elementor-action%3Aaction%3Dlightbox%26settings%3DeyJpZCI6ODUwNywidXJsIjoiaHR0cHM6XC9cL2ZmZWJyYXppbC5jb21cL3dwLWNvbnRlbnRcL3VwbG9hZHNcLzIwMjNcLzExXC9ETV8yMDIzMTEyMTE1NDE0NF8wMDcuanBlZyIsInNsaWRlc2hvdyI6ImIyN2QyMjMifQ%3D%3D\">\n\t\t\t\t\t<div class=\"e-gallery-image elementor-gallery-item__image\" data-thumbnail=\"https:\/\/i0.wp.com\/ffebrazil.com\/wp-content\/uploads\/2023\/11\/DM_20231121154144_007.jpeg?fit=300%2C173&amp;ssl=1\" data-width=\"300\" data-height=\"173\" aria-label=\"\" role=\"img\" ><\/div>\n\t\t\t\t\t\t\t\t\t\t\t<div class=\"elementor-gallery-item__overlay\"><\/div>\n\t\t\t\t\t\t\t\t\t\t\t\t\t\t<\/a>\n\t\t\t\t\t\t\t<a class=\"e-gallery-item elementor-gallery-item elementor-animated-content\" href=\"https:\/\/i0.wp.com\/ffebrazil.com\/wp-content\/uploads\/2023\/11\/DM_20231121154144_008.jpeg?fit=1772%2C1024&#038;ssl=1\" data-elementor-open-lightbox=\"yes\" data-elementor-lightbox-slideshow=\"b27d223\" data-elementor-lightbox-title=\"DM_20231121154144_008\" data-e-action-hash=\"#elementor-action%3Aaction%3Dlightbox%26settings%3DeyJpZCI6ODUwOCwidXJsIjoiaHR0cHM6XC9cL2ZmZWJyYXppbC5jb21cL3dwLWNvbnRlbnRcL3VwbG9hZHNcLzIwMjNcLzExXC9ETV8yMDIzMTEyMTE1NDE0NF8wMDguanBlZyIsInNsaWRlc2hvdyI6ImIyN2QyMjMifQ%3D%3D\">\n\t\t\t\t\t<div class=\"e-gallery-image elementor-gallery-item__image\" data-thumbnail=\"https:\/\/i0.wp.com\/ffebrazil.com\/wp-content\/uploads\/2023\/11\/DM_20231121154144_008.jpeg?fit=300%2C173&amp;ssl=1\" data-width=\"300\" data-height=\"173\" aria-label=\"\" role=\"img\" ><\/div>\n\t\t\t\t\t\t\t\t\t\t\t<div class=\"elementor-gallery-item__overlay\"><\/div>\n\t\t\t\t\t\t\t\t\t\t\t\t\t\t<\/a>\n\t\t\t\t\t\t\t<a class=\"e-gallery-item elementor-gallery-item elementor-animated-content\" href=\"https:\/\/i0.wp.com\/ffebrazil.com\/wp-content\/uploads\/2023\/11\/DM_20231121154144_009.jpeg?fit=1772%2C1024&#038;ssl=1\" data-elementor-open-lightbox=\"yes\" data-elementor-lightbox-slideshow=\"b27d223\" data-elementor-lightbox-title=\"DM_20231121154144_009\" data-e-action-hash=\"#elementor-action%3Aaction%3Dlightbox%26settings%3DeyJpZCI6ODUwOSwidXJsIjoiaHR0cHM6XC9cL2ZmZWJyYXppbC5jb21cL3dwLWNvbnRlbnRcL3VwbG9hZHNcLzIwMjNcLzExXC9ETV8yMDIzMTEyMTE1NDE0NF8wMDkuanBlZyIsInNsaWRlc2hvdyI6ImIyN2QyMjMifQ%3D%3D\">\n\t\t\t\t\t<div class=\"e-gallery-image elementor-gallery-item__image\" data-thumbnail=\"https:\/\/i0.wp.com\/ffebrazil.com\/wp-content\/uploads\/2023\/11\/DM_20231121154144_009.jpeg?fit=300%2C173&amp;ssl=1\" data-width=\"300\" data-height=\"173\" aria-label=\"\" role=\"img\" ><\/div>\n\t\t\t\t\t\t\t\t\t\t\t<div class=\"elementor-gallery-item__overlay\"><\/div>\n\t\t\t\t\t\t\t\t\t\t\t\t\t\t<\/a>\n\t\t\t\t\t<\/div>\n\t\t\t\t\t<\/div>\n\t\t\t\t<\/div>\n\t\t\t\t\t<\/div>\n\t\t\t\t<\/div>\n\t\t\t\t<\/div>","protected":false},"excerpt":{"rendered":"<p>FASANO TRANCOSO Localiza\u00e7\u00e3o: Estrada de Itaquena \u2013 BA | Ano: 2020 UHS: Mobili\u00e1rio Externo | Ilumina\u00e7\u00e3o\u00a0|\u00a0 \u00a0<\/p>","protected":false},"author":4,"featured_media":0,"parent":0,"menu_order":4,"comment_status":"closed","ping_status":"closed","template":"elementor_header_footer","meta":{"nf_dc_page":"","_eb_attr":"","footnotes":""},"class_list":["post-8786","page","type-page","status-publish","hentry","entry"],"yoast_head":"<!-- This site is optimized with the Yoast SEO plugin v27.5 - https:\/\/yoast.com\/product\/yoast-seo-wordpress\/ -->\n<title>FASANO TRANCOSO - FFE Brazil<\/title>\n<meta name=\"robots\" content=\"index, follow, max-snippet:-1, max-image-preview:large, max-video-preview:-1\" \/>\n<link rel=\"canonical\" href=\"https:\/\/ffebrazil.com\/en\/fasano-trancoso\/\" \/>\n<meta property=\"og:locale\" content=\"en_US\" \/>\n<meta property=\"og:type\" content=\"article\" \/>\n<meta property=\"og:title\" content=\"FASANO TRANCOSO - FFE Brazil\" \/>\n<meta property=\"og:description\" content=\"FASANO TRANCOSO Localiza\u00e7\u00e3o: Estrada de Itaquena \u2013 BA | Ano: 2020 UHS: Mobili\u00e1rio Externo | Ilumina\u00e7\u00e3o\u00a0|\u00a0 \u00a0\" \/>\n<meta property=\"og:url\" content=\"https:\/\/ffebrazil.com\/en\/fasano-trancoso\/\" \/>\n<meta property=\"og:site_name\" content=\"FFE Brazil\" \/>\n<meta property=\"article:modified_time\" content=\"2025-12-10T20:10:43+00:00\" \/>\n<meta name=\"twitter:card\" content=\"summary_large_image\" \/>\n<meta name=\"twitter:label1\" content=\"Est. reading time\" \/>\n\t<meta name=\"twitter:data1\" content=\"1 minute\" \/>\n<script type=\"application\/ld+json\" class=\"yoast-schema-graph\">{\"@context\":\"https:\\\/\\\/schema.org\",\"@graph\":[{\"@type\":\"WebPage\",\"@id\":\"https:\\\/\\\/ffebrazil.com\\\/fasano-trancoso\\\/\",\"url\":\"https:\\\/\\\/ffebrazil.com\\\/fasano-trancoso\\\/\",\"name\":\"FASANO TRANCOSO - FFE Brazil\",\"isPartOf\":{\"@id\":\"https:\\\/\\\/ffebrazil.com\\\/#website\"},\"datePublished\":\"2023-11-29T00:15:34+00:00\",\"dateModified\":\"2025-12-10T20:10:43+00:00\",\"breadcrumb\":{\"@id\":\"https:\\\/\\\/ffebrazil.com\\\/fasano-trancoso\\\/#breadcrumb\"},\"inLanguage\":\"en-US\",\"potentialAction\":[{\"@type\":\"ReadAction\",\"target\":[\"https:\\\/\\\/ffebrazil.com\\\/fasano-trancoso\\\/\"]}]},{\"@type\":\"BreadcrumbList\",\"@id\":\"https:\\\/\\\/ffebrazil.com\\\/fasano-trancoso\\\/#breadcrumb\",\"itemListElement\":[{\"@type\":\"ListItem\",\"position\":1,\"name\":\"In\u00edcio\",\"item\":\"https:\\\/\\\/ffebrazil.com\\\/\"},{\"@type\":\"ListItem\",\"position\":2,\"name\":\"FASANO TRANCOSO\"}]},{\"@type\":\"WebSite\",\"@id\":\"https:\\\/\\\/ffebrazil.com\\\/#website\",\"url\":\"https:\\\/\\\/ffebrazil.com\\\/\",\"name\":\"FFE Brazil\",\"description\":\"Furniture\",\"publisher\":{\"@id\":\"https:\\\/\\\/ffebrazil.com\\\/#organization\"},\"potentialAction\":[{\"@type\":\"SearchAction\",\"target\":{\"@type\":\"EntryPoint\",\"urlTemplate\":\"https:\\\/\\\/ffebrazil.com\\\/?s={search_term_string}\"},\"query-input\":{\"@type\":\"PropertyValueSpecification\",\"valueRequired\":true,\"valueName\":\"search_term_string\"}}],\"inLanguage\":\"en-US\"},{\"@type\":\"Organization\",\"@id\":\"https:\\\/\\\/ffebrazil.com\\\/#organization\",\"name\":\"FFE Brazil\",\"url\":\"https:\\\/\\\/ffebrazil.com\\\/\",\"logo\":{\"@type\":\"ImageObject\",\"inLanguage\":\"en-US\",\"@id\":\"https:\\\/\\\/ffebrazil.com\\\/#\\\/schema\\\/logo\\\/image\\\/\",\"url\":\"https:\\\/\\\/ffebrazil.com\\\/wp-content\\\/uploads\\\/2022\\\/01\\\/logo_l_ffe-2-3-2.png\",\"contentUrl\":\"https:\\\/\\\/ffebrazil.com\\\/wp-content\\\/uploads\\\/2022\\\/01\\\/logo_l_ffe-2-3-2.png\",\"width\":5166,\"height\":1873,\"caption\":\"FFE Brazil\"},\"image\":{\"@id\":\"https:\\\/\\\/ffebrazil.com\\\/#\\\/schema\\\/logo\\\/image\\\/\"}}]}<\/script>\n<!-- \/ Yoast SEO plugin. -->","yoast_head_json":{"title":"FASANO TRANCOSO - FFE Brazil","robots":{"index":"index","follow":"follow","max-snippet":"max-snippet:-1","max-image-preview":"max-image-preview:large","max-video-preview":"max-video-preview:-1"},"canonical":"https:\/\/ffebrazil.com\/en\/fasano-trancoso\/","og_locale":"en_US","og_type":"article","og_title":"FASANO TRANCOSO - FFE Brazil","og_description":"FASANO TRANCOSO Localiza\u00e7\u00e3o: Estrada de Itaquena \u2013 BA | Ano: 2020 UHS: Mobili\u00e1rio Externo | Ilumina\u00e7\u00e3o\u00a0|\u00a0 \u00a0","og_url":"https:\/\/ffebrazil.com\/en\/fasano-trancoso\/","og_site_name":"FFE Brazil","article_modified_time":"2025-12-10T20:10:43+00:00","twitter_card":"summary_large_image","twitter_misc":{"Est. reading time":"1 minute"},"schema":{"@context":"https:\/\/schema.org","@graph":[{"@type":"WebPage","@id":"https:\/\/ffebrazil.com\/fasano-trancoso\/","url":"https:\/\/ffebrazil.com\/fasano-trancoso\/","name":"FASANO TRANCOSO - FFE Brazil","isPartOf":{"@id":"https:\/\/ffebrazil.com\/#website"},"datePublished":"2023-11-29T00:15:34+00:00","dateModified":"2025-12-10T20:10:43+00:00","breadcrumb":{"@id":"https:\/\/ffebrazil.com\/fasano-trancoso\/#breadcrumb"},"inLanguage":"en-US","potentialAction":[{"@type":"ReadAction","target":["https:\/\/ffebrazil.com\/fasano-trancoso\/"]}]},{"@type":"BreadcrumbList","@id":"https:\/\/ffebrazil.com\/fasano-trancoso\/#breadcrumb","itemListElement":[{"@type":"ListItem","position":1,"name":"In\u00edcio","item":"https:\/\/ffebrazil.com\/"},{"@type":"ListItem","position":2,"name":"FASANO TRANCOSO"}]},{"@type":"WebSite","@id":"https:\/\/ffebrazil.com\/#website","url":"https:\/\/ffebrazil.com\/","name":"FFE Brazil","description":"Furniture","publisher":{"@id":"https:\/\/ffebrazil.com\/#organization"},"potentialAction":[{"@type":"SearchAction","target":{"@type":"EntryPoint","urlTemplate":"https:\/\/ffebrazil.com\/?s={search_term_string}"},"query-input":{"@type":"PropertyValueSpecification","valueRequired":true,"valueName":"search_term_string"}}],"inLanguage":"en-US"},{"@type":"Organization","@id":"https:\/\/ffebrazil.com\/#organization","name":"FFE Brazil","url":"https:\/\/ffebrazil.com\/","logo":{"@type":"ImageObject","inLanguage":"en-US","@id":"https:\/\/ffebrazil.com\/#\/schema\/logo\/image\/","url":"https:\/\/ffebrazil.com\/wp-content\/uploads\/2022\/01\/logo_l_ffe-2-3-2.png","contentUrl":"https:\/\/ffebrazil.com\/wp-content\/uploads\/2022\/01\/logo_l_ffe-2-3-2.png","width":5166,"height":1873,"caption":"FFE Brazil"},"image":{"@id":"https:\/\/ffebrazil.com\/#\/schema\/logo\/image\/"}}]}},"jetpack_sharing_enabled":true,"_links":{"self":[{"href":"https:\/\/ffebrazil.com\/en\/wp-json\/wp\/v2\/pages\/8786","targetHints":{"allow":["GET"]}}],"collection":[{"href":"https:\/\/ffebrazil.com\/en\/wp-json\/wp\/v2\/pages"}],"about":[{"href":"https:\/\/ffebrazil.com\/en\/wp-json\/wp\/v2\/types\/page"}],"author":[{"embeddable":true,"href":"https:\/\/ffebrazil.com\/en\/wp-json\/wp\/v2\/users\/4"}],"replies":[{"embeddable":true,"href":"https:\/\/ffebrazil.com\/en\/wp-json\/wp\/v2\/comments?post=8786"}],"version-history":[{"count":5,"href":"https:\/\/ffebrazil.com\/en\/wp-json\/wp\/v2\/pages\/8786\/revisions"}],"predecessor-version":[{"id":10102,"href":"https:\/\/ffebrazil.com\/en\/wp-json\/wp\/v2\/pages\/8786\/revisions\/10102"}],"wp:attachment":[{"href":"https:\/\/ffebrazil.com\/en\/wp-json\/wp\/v2\/media?parent=8786"}],"curies":[{"name":"wp","href":"https:\/\/api.w.org\/{rel}","templated":true}]}}