{"id":8784,"date":"2023-11-28T21:14:32","date_gmt":"2023-11-29T00:14:32","guid":{"rendered":"https:\/\/ffebrazil.com\/?page_id=8784"},"modified":"2025-12-10T17:14:29","modified_gmt":"2025-12-10T20:14:29","slug":"home-like","status":"publish","type":"page","link":"https:\/\/ffebrazil.com\/en\/home-like\/","title":{"rendered":"HOME LIKE"},"content":{"rendered":"<div data-elementor-type=\"wp-page\" data-elementor-id=\"8784\" class=\"elementor elementor-8784\" data-elementor-post-type=\"page\">\n\t\t\t\t<div class=\"elementor-element elementor-element-3ea7e6e e-flex e-con-boxed e-con e-parent\" data-id=\"3ea7e6e\" data-element_type=\"container\" data-e-type=\"container\">\n\t\t\t\t\t<div class=\"e-con-inner\">\n\t\t\t\t<div class=\"elementor-element elementor-element-c0d203e elementor-widget elementor-widget-heading\" data-id=\"c0d203e\" data-element_type=\"widget\" data-e-type=\"widget\" data-widget_type=\"heading.default\">\n\t\t\t\t<div class=\"elementor-widget-container\">\n\t\t\t\t\t<h1 class=\"elementor-heading-title elementor-size-default\">HOME LIKE<\/h1>\t\t\t\t<\/div>\n\t\t\t\t<\/div>\n\t\t\t\t<div class=\"elementor-element elementor-element-7ea51b2 elementor-widget elementor-widget-text-editor\" data-id=\"7ea51b2\" data-element_type=\"widget\" data-e-type=\"widget\" data-widget_type=\"text-editor.default\">\n\t\t\t\t<div class=\"elementor-widget-container\">\n\t\t\t\t\t\t\t\t\t<p><strong><span><span>Location: <\/span>S\u00e3o Paulo - SP, Brazil | <span>Year: <\/span>2020&nbsp;<\/span><\/strong><\/p><strong>\n<\/strong><p><strong><\/strong>&nbsp;<span>FF&amp;E Supply: <br><br> <\/span><span>Guestrooms: Custom Indoor and Outdoor Furniture including: Joinery | Upholstered Furniture | Lighting | Artworks<\/span>&nbsp;|&nbsp;<\/p>\t\t\t\t\t\t\t\t<\/div>\n\t\t\t\t<\/div>\n\t\t\t\t\t<\/div>\n\t\t\t\t<\/div>\n\t\t<div class=\"elementor-element elementor-element-4f5d82f e-flex e-con-boxed e-con e-parent\" data-id=\"4f5d82f\" data-element_type=\"container\" data-e-type=\"container\">\n\t\t\t\t\t<div class=\"e-con-inner\">\n\t\t\t\t<div class=\"elementor-element elementor-element-be7e956 elementor-widget elementor-widget-gallery\" data-id=\"be7e956\" data-element_type=\"widget\" data-e-type=\"widget\" data-settings=\"{&quot;lazyload&quot;:&quot;yes&quot;,&quot;gallery_layout&quot;:&quot;grid&quot;,&quot;columns&quot;:4,&quot;columns_tablet&quot;:2,&quot;columns_mobile&quot;:1,&quot;gap&quot;:{&quot;unit&quot;:&quot;px&quot;,&quot;size&quot;:10,&quot;sizes&quot;:[]},&quot;gap_tablet&quot;:{&quot;unit&quot;:&quot;px&quot;,&quot;size&quot;:10,&quot;sizes&quot;:[]},&quot;gap_mobile&quot;:{&quot;unit&quot;:&quot;px&quot;,&quot;size&quot;:10,&quot;sizes&quot;:[]},&quot;link_to&quot;:&quot;file&quot;,&quot;aspect_ratio&quot;:&quot;3:2&quot;,&quot;overlay_background&quot;:&quot;yes&quot;,&quot;content_hover_animation&quot;:&quot;fade-in&quot;}\" data-widget_type=\"gallery.default\">\n\t\t\t\t<div class=\"elementor-widget-container\">\n\t\t\t\t\t\t\t<div class=\"elementor-gallery__container\">\n\t\t\t\t\t\t\t<a class=\"e-gallery-item elementor-gallery-item elementor-animated-content\" href=\"https:\/\/i0.wp.com\/ffebrazil.com\/wp-content\/uploads\/2023\/11\/DM_20231121153949_001.jpeg?fit=1772%2C1024&#038;ssl=1\" data-elementor-open-lightbox=\"yes\" data-elementor-lightbox-slideshow=\"be7e956\" data-elementor-lightbox-title=\"DM_20231121153949_001\" data-e-action-hash=\"#elementor-action%3Aaction%3Dlightbox%26settings%3DeyJpZCI6ODUxNCwidXJsIjoiaHR0cHM6XC9cL2ZmZWJyYXppbC5jb21cL3dwLWNvbnRlbnRcL3VwbG9hZHNcLzIwMjNcLzExXC9ETV8yMDIzMTEyMTE1Mzk0OV8wMDEuanBlZyIsInNsaWRlc2hvdyI6ImJlN2U5NTYifQ%3D%3D\">\n\t\t\t\t\t<div class=\"e-gallery-image elementor-gallery-item__image\" data-thumbnail=\"https:\/\/i0.wp.com\/ffebrazil.com\/wp-content\/uploads\/2023\/11\/DM_20231121153949_001.jpeg?fit=300%2C173&amp;ssl=1\" data-width=\"300\" data-height=\"173\" aria-label=\"\" role=\"img\" ><\/div>\n\t\t\t\t\t\t\t\t\t\t\t<div class=\"elementor-gallery-item__overlay\"><\/div>\n\t\t\t\t\t\t\t\t\t\t\t\t\t\t<\/a>\n\t\t\t\t\t\t\t<a class=\"e-gallery-item elementor-gallery-item elementor-animated-content\" href=\"https:\/\/i0.wp.com\/ffebrazil.com\/wp-content\/uploads\/2023\/11\/DM_20231121153949_002.jpeg?fit=1772%2C1024&#038;ssl=1\" data-elementor-open-lightbox=\"yes\" data-elementor-lightbox-slideshow=\"be7e956\" data-elementor-lightbox-title=\"DM_20231121153949_002\" data-e-action-hash=\"#elementor-action%3Aaction%3Dlightbox%26settings%3DeyJpZCI6ODUxNSwidXJsIjoiaHR0cHM6XC9cL2ZmZWJyYXppbC5jb21cL3dwLWNvbnRlbnRcL3VwbG9hZHNcLzIwMjNcLzExXC9ETV8yMDIzMTEyMTE1Mzk0OV8wMDIuanBlZyIsInNsaWRlc2hvdyI6ImJlN2U5NTYifQ%3D%3D\">\n\t\t\t\t\t<div class=\"e-gallery-image elementor-gallery-item__image\" data-thumbnail=\"https:\/\/i0.wp.com\/ffebrazil.com\/wp-content\/uploads\/2023\/11\/DM_20231121153949_002.jpeg?fit=300%2C173&amp;ssl=1\" data-width=\"300\" data-height=\"173\" aria-label=\"\" role=\"img\" ><\/div>\n\t\t\t\t\t\t\t\t\t\t\t<div class=\"elementor-gallery-item__overlay\"><\/div>\n\t\t\t\t\t\t\t\t\t\t\t\t\t\t<\/a>\n\t\t\t\t\t\t\t<a class=\"e-gallery-item elementor-gallery-item elementor-animated-content\" href=\"https:\/\/i0.wp.com\/ffebrazil.com\/wp-content\/uploads\/2023\/11\/DM_20231121153949_003.jpeg?fit=1772%2C1024&#038;ssl=1\" data-elementor-open-lightbox=\"yes\" data-elementor-lightbox-slideshow=\"be7e956\" data-elementor-lightbox-title=\"DM_20231121153949_003\" data-e-action-hash=\"#elementor-action%3Aaction%3Dlightbox%26settings%3DeyJpZCI6ODUxNiwidXJsIjoiaHR0cHM6XC9cL2ZmZWJyYXppbC5jb21cL3dwLWNvbnRlbnRcL3VwbG9hZHNcLzIwMjNcLzExXC9ETV8yMDIzMTEyMTE1Mzk0OV8wMDMuanBlZyIsInNsaWRlc2hvdyI6ImJlN2U5NTYifQ%3D%3D\">\n\t\t\t\t\t<div class=\"e-gallery-image elementor-gallery-item__image\" data-thumbnail=\"https:\/\/i0.wp.com\/ffebrazil.com\/wp-content\/uploads\/2023\/11\/DM_20231121153949_003.jpeg?fit=300%2C173&amp;ssl=1\" data-width=\"300\" data-height=\"173\" aria-label=\"\" role=\"img\" ><\/div>\n\t\t\t\t\t\t\t\t\t\t\t<div class=\"elementor-gallery-item__overlay\"><\/div>\n\t\t\t\t\t\t\t\t\t\t\t\t\t\t<\/a>\n\t\t\t\t\t\t\t<a class=\"e-gallery-item elementor-gallery-item elementor-animated-content\" href=\"https:\/\/i0.wp.com\/ffebrazil.com\/wp-content\/uploads\/2023\/11\/DM_20231121153949_004.jpeg?fit=1772%2C1024&#038;ssl=1\" data-elementor-open-lightbox=\"yes\" data-elementor-lightbox-slideshow=\"be7e956\" data-elementor-lightbox-title=\"DM_20231121153949_004\" data-e-action-hash=\"#elementor-action%3Aaction%3Dlightbox%26settings%3DeyJpZCI6ODUxNywidXJsIjoiaHR0cHM6XC9cL2ZmZWJyYXppbC5jb21cL3dwLWNvbnRlbnRcL3VwbG9hZHNcLzIwMjNcLzExXC9ETV8yMDIzMTEyMTE1Mzk0OV8wMDQuanBlZyIsInNsaWRlc2hvdyI6ImJlN2U5NTYifQ%3D%3D\">\n\t\t\t\t\t<div class=\"e-gallery-image elementor-gallery-item__image\" data-thumbnail=\"https:\/\/i0.wp.com\/ffebrazil.com\/wp-content\/uploads\/2023\/11\/DM_20231121153949_004.jpeg?fit=300%2C173&amp;ssl=1\" data-width=\"300\" data-height=\"173\" aria-label=\"\" role=\"img\" ><\/div>\n\t\t\t\t\t\t\t\t\t\t\t<div class=\"elementor-gallery-item__overlay\"><\/div>\n\t\t\t\t\t\t\t\t\t\t\t\t\t\t<\/a>\n\t\t\t\t\t\t\t<a class=\"e-gallery-item elementor-gallery-item elementor-animated-content\" href=\"https:\/\/i0.wp.com\/ffebrazil.com\/wp-content\/uploads\/2023\/11\/DM_20231121153949_005.jpeg?fit=1772%2C1024&#038;ssl=1\" data-elementor-open-lightbox=\"yes\" data-elementor-lightbox-slideshow=\"be7e956\" data-elementor-lightbox-title=\"DM_20231121153949_005\" data-e-action-hash=\"#elementor-action%3Aaction%3Dlightbox%26settings%3DeyJpZCI6ODUxOCwidXJsIjoiaHR0cHM6XC9cL2ZmZWJyYXppbC5jb21cL3dwLWNvbnRlbnRcL3VwbG9hZHNcLzIwMjNcLzExXC9ETV8yMDIzMTEyMTE1Mzk0OV8wMDUuanBlZyIsInNsaWRlc2hvdyI6ImJlN2U5NTYifQ%3D%3D\">\n\t\t\t\t\t<div class=\"e-gallery-image elementor-gallery-item__image\" data-thumbnail=\"https:\/\/i0.wp.com\/ffebrazil.com\/wp-content\/uploads\/2023\/11\/DM_20231121153949_005.jpeg?fit=300%2C173&amp;ssl=1\" data-width=\"300\" data-height=\"173\" aria-label=\"\" role=\"img\" ><\/div>\n\t\t\t\t\t\t\t\t\t\t\t<div class=\"elementor-gallery-item__overlay\"><\/div>\n\t\t\t\t\t\t\t\t\t\t\t\t\t\t<\/a>\n\t\t\t\t\t\t\t<a class=\"e-gallery-item elementor-gallery-item elementor-animated-content\" href=\"https:\/\/i0.wp.com\/ffebrazil.com\/wp-content\/uploads\/2023\/11\/DM_20231121153949_006.jpeg?fit=1772%2C1024&#038;ssl=1\" data-elementor-open-lightbox=\"yes\" data-elementor-lightbox-slideshow=\"be7e956\" data-elementor-lightbox-title=\"DM_20231121153949_006\" data-e-action-hash=\"#elementor-action%3Aaction%3Dlightbox%26settings%3DeyJpZCI6ODUxOSwidXJsIjoiaHR0cHM6XC9cL2ZmZWJyYXppbC5jb21cL3dwLWNvbnRlbnRcL3VwbG9hZHNcLzIwMjNcLzExXC9ETV8yMDIzMTEyMTE1Mzk0OV8wMDYuanBlZyIsInNsaWRlc2hvdyI6ImJlN2U5NTYifQ%3D%3D\">\n\t\t\t\t\t<div class=\"e-gallery-image elementor-gallery-item__image\" data-thumbnail=\"https:\/\/i0.wp.com\/ffebrazil.com\/wp-content\/uploads\/2023\/11\/DM_20231121153949_006.jpeg?fit=300%2C173&amp;ssl=1\" data-width=\"300\" data-height=\"173\" aria-label=\"\" role=\"img\" ><\/div>\n\t\t\t\t\t\t\t\t\t\t\t<div class=\"elementor-gallery-item__overlay\"><\/div>\n\t\t\t\t\t\t\t\t\t\t\t\t\t\t<\/a>\n\t\t\t\t\t\t\t<a class=\"e-gallery-item elementor-gallery-item elementor-animated-content\" href=\"https:\/\/i0.wp.com\/ffebrazil.com\/wp-content\/uploads\/2023\/11\/DM_20231121153949_007.jpeg?fit=1772%2C1024&#038;ssl=1\" data-elementor-open-lightbox=\"yes\" data-elementor-lightbox-slideshow=\"be7e956\" data-elementor-lightbox-title=\"DM_20231121153949_007\" data-e-action-hash=\"#elementor-action%3Aaction%3Dlightbox%26settings%3DeyJpZCI6ODUyMCwidXJsIjoiaHR0cHM6XC9cL2ZmZWJyYXppbC5jb21cL3dwLWNvbnRlbnRcL3VwbG9hZHNcLzIwMjNcLzExXC9ETV8yMDIzMTEyMTE1Mzk0OV8wMDcuanBlZyIsInNsaWRlc2hvdyI6ImJlN2U5NTYifQ%3D%3D\">\n\t\t\t\t\t<div class=\"e-gallery-image elementor-gallery-item__image\" data-thumbnail=\"https:\/\/i0.wp.com\/ffebrazil.com\/wp-content\/uploads\/2023\/11\/DM_20231121153949_007.jpeg?fit=300%2C173&amp;ssl=1\" data-width=\"300\" data-height=\"173\" aria-label=\"\" role=\"img\" ><\/div>\n\t\t\t\t\t\t\t\t\t\t\t<div class=\"elementor-gallery-item__overlay\"><\/div>\n\t\t\t\t\t\t\t\t\t\t\t\t\t\t<\/a>\n\t\t\t\t\t\t\t<a class=\"e-gallery-item elementor-gallery-item elementor-animated-content\" href=\"https:\/\/i0.wp.com\/ffebrazil.com\/wp-content\/uploads\/2023\/11\/DM_20231121153949_008.jpeg?fit=1772%2C1024&#038;ssl=1\" data-elementor-open-lightbox=\"yes\" data-elementor-lightbox-slideshow=\"be7e956\" data-elementor-lightbox-title=\"DM_20231121153949_008\" data-e-action-hash=\"#elementor-action%3Aaction%3Dlightbox%26settings%3DeyJpZCI6ODUyMSwidXJsIjoiaHR0cHM6XC9cL2ZmZWJyYXppbC5jb21cL3dwLWNvbnRlbnRcL3VwbG9hZHNcLzIwMjNcLzExXC9ETV8yMDIzMTEyMTE1Mzk0OV8wMDguanBlZyIsInNsaWRlc2hvdyI6ImJlN2U5NTYifQ%3D%3D\">\n\t\t\t\t\t<div class=\"e-gallery-image elementor-gallery-item__image\" data-thumbnail=\"https:\/\/i0.wp.com\/ffebrazil.com\/wp-content\/uploads\/2023\/11\/DM_20231121153949_008.jpeg?fit=300%2C173&amp;ssl=1\" data-width=\"300\" data-height=\"173\" aria-label=\"\" role=\"img\" ><\/div>\n\t\t\t\t\t\t\t\t\t\t\t<div class=\"elementor-gallery-item__overlay\"><\/div>\n\t\t\t\t\t\t\t\t\t\t\t\t\t\t<\/a>\n\t\t\t\t\t\t\t<a class=\"e-gallery-item elementor-gallery-item elementor-animated-content\" href=\"https:\/\/i0.wp.com\/ffebrazil.com\/wp-content\/uploads\/2023\/11\/DM_20231121153949_009.jpeg?fit=1772%2C1024&#038;ssl=1\" data-elementor-open-lightbox=\"yes\" data-elementor-lightbox-slideshow=\"be7e956\" data-elementor-lightbox-title=\"DM_20231121153949_009\" data-e-action-hash=\"#elementor-action%3Aaction%3Dlightbox%26settings%3DeyJpZCI6ODUyMiwidXJsIjoiaHR0cHM6XC9cL2ZmZWJyYXppbC5jb21cL3dwLWNvbnRlbnRcL3VwbG9hZHNcLzIwMjNcLzExXC9ETV8yMDIzMTEyMTE1Mzk0OV8wMDkuanBlZyIsInNsaWRlc2hvdyI6ImJlN2U5NTYifQ%3D%3D\">\n\t\t\t\t\t<div class=\"e-gallery-image elementor-gallery-item__image\" data-thumbnail=\"https:\/\/i0.wp.com\/ffebrazil.com\/wp-content\/uploads\/2023\/11\/DM_20231121153949_009.jpeg?fit=300%2C173&amp;ssl=1\" data-width=\"300\" data-height=\"173\" aria-label=\"\" role=\"img\" ><\/div>\n\t\t\t\t\t\t\t\t\t\t\t<div class=\"elementor-gallery-item__overlay\"><\/div>\n\t\t\t\t\t\t\t\t\t\t\t\t\t\t<\/a>\n\t\t\t\t\t\t\t<a class=\"e-gallery-item elementor-gallery-item elementor-animated-content\" href=\"https:\/\/i0.wp.com\/ffebrazil.com\/wp-content\/uploads\/2023\/11\/DM_20231121153949_010.jpeg?fit=1772%2C1024&#038;ssl=1\" data-elementor-open-lightbox=\"yes\" data-elementor-lightbox-slideshow=\"be7e956\" data-elementor-lightbox-title=\"DM_20231121153949_010\" data-e-action-hash=\"#elementor-action%3Aaction%3Dlightbox%26settings%3DeyJpZCI6ODUyMywidXJsIjoiaHR0cHM6XC9cL2ZmZWJyYXppbC5jb21cL3dwLWNvbnRlbnRcL3VwbG9hZHNcLzIwMjNcLzExXC9ETV8yMDIzMTEyMTE1Mzk0OV8wMTAuanBlZyIsInNsaWRlc2hvdyI6ImJlN2U5NTYifQ%3D%3D\">\n\t\t\t\t\t<div class=\"e-gallery-image elementor-gallery-item__image\" data-thumbnail=\"https:\/\/i0.wp.com\/ffebrazil.com\/wp-content\/uploads\/2023\/11\/DM_20231121153949_010.jpeg?fit=300%2C173&amp;ssl=1\" data-width=\"300\" data-height=\"173\" aria-label=\"\" role=\"img\" ><\/div>\n\t\t\t\t\t\t\t\t\t\t\t<div class=\"elementor-gallery-item__overlay\"><\/div>\n\t\t\t\t\t\t\t\t\t\t\t\t\t\t<\/a>\n\t\t\t\t\t<\/div>\n\t\t\t\t\t<\/div>\n\t\t\t\t<\/div>\n\t\t\t\t\t<\/div>\n\t\t\t\t<\/div>\n\t\t\t\t<\/div>","protected":false},"excerpt":{"rendered":"<p>HOME LIKE Localiza\u00e7\u00e3o: S\u00e3o Paulo \u2013 SP | Ano: 2020&nbsp; &nbsp;UHS: Mobili\u00e1rio Interno e Externo | Marcenaria | Estofados | Ilumina\u00e7\u00e3o | Quadros&nbsp;|&nbsp;<\/p>","protected":false},"author":4,"featured_media":0,"parent":0,"menu_order":4,"comment_status":"closed","ping_status":"closed","template":"elementor_header_footer","meta":{"nf_dc_page":"","_eb_attr":"","footnotes":""},"class_list":["post-8784","page","type-page","status-publish","hentry","entry"],"yoast_head":"<!-- This site is optimized with the Yoast SEO plugin v27.5 - https:\/\/yoast.com\/product\/yoast-seo-wordpress\/ -->\n<title>HOME LIKE - FFE Brazil<\/title>\n<meta name=\"robots\" content=\"index, follow, max-snippet:-1, max-image-preview:large, max-video-preview:-1\" \/>\n<link rel=\"canonical\" href=\"https:\/\/ffebrazil.com\/en\/home-like\/\" \/>\n<meta property=\"og:locale\" content=\"en_US\" \/>\n<meta property=\"og:type\" content=\"article\" \/>\n<meta property=\"og:title\" content=\"HOME LIKE - FFE Brazil\" \/>\n<meta property=\"og:description\" content=\"HOME LIKE Localiza\u00e7\u00e3o: S\u00e3o Paulo \u2013 SP | Ano: 2020&nbsp; &nbsp;UHS: Mobili\u00e1rio Interno e Externo | Marcenaria | Estofados | Ilumina\u00e7\u00e3o | Quadros&nbsp;|&nbsp;\" \/>\n<meta property=\"og:url\" content=\"https:\/\/ffebrazil.com\/en\/home-like\/\" \/>\n<meta property=\"og:site_name\" content=\"FFE Brazil\" \/>\n<meta property=\"article:modified_time\" content=\"2025-12-10T20:14:29+00:00\" \/>\n<meta name=\"twitter:card\" content=\"summary_large_image\" \/>\n<meta name=\"twitter:label1\" content=\"Est. reading time\" \/>\n\t<meta name=\"twitter:data1\" content=\"1 minute\" \/>\n<script type=\"application\/ld+json\" class=\"yoast-schema-graph\">{\"@context\":\"https:\\\/\\\/schema.org\",\"@graph\":[{\"@type\":\"WebPage\",\"@id\":\"https:\\\/\\\/ffebrazil.com\\\/home-like\\\/\",\"url\":\"https:\\\/\\\/ffebrazil.com\\\/home-like\\\/\",\"name\":\"HOME LIKE - FFE Brazil\",\"isPartOf\":{\"@id\":\"https:\\\/\\\/ffebrazil.com\\\/#website\"},\"datePublished\":\"2023-11-29T00:14:32+00:00\",\"dateModified\":\"2025-12-10T20:14:29+00:00\",\"breadcrumb\":{\"@id\":\"https:\\\/\\\/ffebrazil.com\\\/home-like\\\/#breadcrumb\"},\"inLanguage\":\"en-US\",\"potentialAction\":[{\"@type\":\"ReadAction\",\"target\":[\"https:\\\/\\\/ffebrazil.com\\\/home-like\\\/\"]}]},{\"@type\":\"BreadcrumbList\",\"@id\":\"https:\\\/\\\/ffebrazil.com\\\/home-like\\\/#breadcrumb\",\"itemListElement\":[{\"@type\":\"ListItem\",\"position\":1,\"name\":\"In\u00edcio\",\"item\":\"https:\\\/\\\/ffebrazil.com\\\/\"},{\"@type\":\"ListItem\",\"position\":2,\"name\":\"HOME LIKE\"}]},{\"@type\":\"WebSite\",\"@id\":\"https:\\\/\\\/ffebrazil.com\\\/#website\",\"url\":\"https:\\\/\\\/ffebrazil.com\\\/\",\"name\":\"FFE Brazil\",\"description\":\"Furniture\",\"publisher\":{\"@id\":\"https:\\\/\\\/ffebrazil.com\\\/#organization\"},\"potentialAction\":[{\"@type\":\"SearchAction\",\"target\":{\"@type\":\"EntryPoint\",\"urlTemplate\":\"https:\\\/\\\/ffebrazil.com\\\/?s={search_term_string}\"},\"query-input\":{\"@type\":\"PropertyValueSpecification\",\"valueRequired\":true,\"valueName\":\"search_term_string\"}}],\"inLanguage\":\"en-US\"},{\"@type\":\"Organization\",\"@id\":\"https:\\\/\\\/ffebrazil.com\\\/#organization\",\"name\":\"FFE Brazil\",\"url\":\"https:\\\/\\\/ffebrazil.com\\\/\",\"logo\":{\"@type\":\"ImageObject\",\"inLanguage\":\"en-US\",\"@id\":\"https:\\\/\\\/ffebrazil.com\\\/#\\\/schema\\\/logo\\\/image\\\/\",\"url\":\"https:\\\/\\\/ffebrazil.com\\\/wp-content\\\/uploads\\\/2022\\\/01\\\/logo_l_ffe-2-3-2.png\",\"contentUrl\":\"https:\\\/\\\/ffebrazil.com\\\/wp-content\\\/uploads\\\/2022\\\/01\\\/logo_l_ffe-2-3-2.png\",\"width\":5166,\"height\":1873,\"caption\":\"FFE Brazil\"},\"image\":{\"@id\":\"https:\\\/\\\/ffebrazil.com\\\/#\\\/schema\\\/logo\\\/image\\\/\"}}]}<\/script>\n<!-- \/ Yoast SEO plugin. -->","yoast_head_json":{"title":"HOME LIKE - FFE Brazil","robots":{"index":"index","follow":"follow","max-snippet":"max-snippet:-1","max-image-preview":"max-image-preview:large","max-video-preview":"max-video-preview:-1"},"canonical":"https:\/\/ffebrazil.com\/en\/home-like\/","og_locale":"en_US","og_type":"article","og_title":"HOME LIKE - FFE Brazil","og_description":"HOME LIKE Localiza\u00e7\u00e3o: S\u00e3o Paulo \u2013 SP | Ano: 2020&nbsp; &nbsp;UHS: Mobili\u00e1rio Interno e Externo | Marcenaria | Estofados | Ilumina\u00e7\u00e3o | Quadros&nbsp;|&nbsp;","og_url":"https:\/\/ffebrazil.com\/en\/home-like\/","og_site_name":"FFE Brazil","article_modified_time":"2025-12-10T20:14:29+00:00","twitter_card":"summary_large_image","twitter_misc":{"Est. reading time":"1 minute"},"schema":{"@context":"https:\/\/schema.org","@graph":[{"@type":"WebPage","@id":"https:\/\/ffebrazil.com\/home-like\/","url":"https:\/\/ffebrazil.com\/home-like\/","name":"HOME LIKE - FFE Brazil","isPartOf":{"@id":"https:\/\/ffebrazil.com\/#website"},"datePublished":"2023-11-29T00:14:32+00:00","dateModified":"2025-12-10T20:14:29+00:00","breadcrumb":{"@id":"https:\/\/ffebrazil.com\/home-like\/#breadcrumb"},"inLanguage":"en-US","potentialAction":[{"@type":"ReadAction","target":["https:\/\/ffebrazil.com\/home-like\/"]}]},{"@type":"BreadcrumbList","@id":"https:\/\/ffebrazil.com\/home-like\/#breadcrumb","itemListElement":[{"@type":"ListItem","position":1,"name":"In\u00edcio","item":"https:\/\/ffebrazil.com\/"},{"@type":"ListItem","position":2,"name":"HOME LIKE"}]},{"@type":"WebSite","@id":"https:\/\/ffebrazil.com\/#website","url":"https:\/\/ffebrazil.com\/","name":"FFE Brazil","description":"Furniture","publisher":{"@id":"https:\/\/ffebrazil.com\/#organization"},"potentialAction":[{"@type":"SearchAction","target":{"@type":"EntryPoint","urlTemplate":"https:\/\/ffebrazil.com\/?s={search_term_string}"},"query-input":{"@type":"PropertyValueSpecification","valueRequired":true,"valueName":"search_term_string"}}],"inLanguage":"en-US"},{"@type":"Organization","@id":"https:\/\/ffebrazil.com\/#organization","name":"FFE Brazil","url":"https:\/\/ffebrazil.com\/","logo":{"@type":"ImageObject","inLanguage":"en-US","@id":"https:\/\/ffebrazil.com\/#\/schema\/logo\/image\/","url":"https:\/\/ffebrazil.com\/wp-content\/uploads\/2022\/01\/logo_l_ffe-2-3-2.png","contentUrl":"https:\/\/ffebrazil.com\/wp-content\/uploads\/2022\/01\/logo_l_ffe-2-3-2.png","width":5166,"height":1873,"caption":"FFE Brazil"},"image":{"@id":"https:\/\/ffebrazil.com\/#\/schema\/logo\/image\/"}}]}},"jetpack_sharing_enabled":true,"_links":{"self":[{"href":"https:\/\/ffebrazil.com\/en\/wp-json\/wp\/v2\/pages\/8784","targetHints":{"allow":["GET"]}}],"collection":[{"href":"https:\/\/ffebrazil.com\/en\/wp-json\/wp\/v2\/pages"}],"about":[{"href":"https:\/\/ffebrazil.com\/en\/wp-json\/wp\/v2\/types\/page"}],"author":[{"embeddable":true,"href":"https:\/\/ffebrazil.com\/en\/wp-json\/wp\/v2\/users\/4"}],"replies":[{"embeddable":true,"href":"https:\/\/ffebrazil.com\/en\/wp-json\/wp\/v2\/comments?post=8784"}],"version-history":[{"count":5,"href":"https:\/\/ffebrazil.com\/en\/wp-json\/wp\/v2\/pages\/8784\/revisions"}],"predecessor-version":[{"id":10111,"href":"https:\/\/ffebrazil.com\/en\/wp-json\/wp\/v2\/pages\/8784\/revisions\/10111"}],"wp:attachment":[{"href":"https:\/\/ffebrazil.com\/en\/wp-json\/wp\/v2\/media?parent=8784"}],"curies":[{"name":"wp","href":"https:\/\/api.w.org\/{rel}","templated":true}]}}