{"id":8778,"date":"2023-11-28T21:06:55","date_gmt":"2023-11-29T00:06:55","guid":{"rendered":"https:\/\/ffebrazil.com\/?page_id=8778"},"modified":"2025-12-10T17:21:34","modified_gmt":"2025-12-10T20:21:34","slug":"itu","status":"publish","type":"page","link":"https:\/\/ffebrazil.com\/en\/itu\/","title":{"rendered":"NOVOTEL IT\u00da"},"content":{"rendered":"<div data-elementor-type=\"wp-page\" data-elementor-id=\"8778\" class=\"elementor elementor-8778\" data-elementor-post-type=\"page\">\n\t\t\t\t<div class=\"elementor-element elementor-element-edcd936 e-flex e-con-boxed e-con e-parent\" data-id=\"edcd936\" data-element_type=\"container\" data-e-type=\"container\">\n\t\t\t\t\t<div class=\"e-con-inner\">\n\t\t\t\t<div class=\"elementor-element elementor-element-7fb1634 elementor-widget elementor-widget-heading\" data-id=\"7fb1634\" data-element_type=\"widget\" data-e-type=\"widget\" data-widget_type=\"heading.default\">\n\t\t\t\t<div class=\"elementor-widget-container\">\n\t\t\t\t\t<h1 class=\"elementor-heading-title elementor-size-default\">NOVOTEL IT\u00da<\/h1>\t\t\t\t<\/div>\n\t\t\t\t<\/div>\n\t\t\t\t<div class=\"elementor-element elementor-element-5a8e419 elementor-widget elementor-widget-text-editor\" data-id=\"5a8e419\" data-element_type=\"widget\" data-e-type=\"widget\" data-widget_type=\"text-editor.default\">\n\t\t\t\t<div class=\"elementor-widget-container\">\n\t\t\t\t\t\t\t\t\t<p><strong><span class=\"fontstyle2\"><span class=\"fontstyle0\">Location: <\/span>S\u00e3o Paulo - SP, Brazil | <span class=\"fontstyle0\">Year: <\/span>2021<br \/><br \/><\/span><\/strong><span class=\"fontstyle0\">FF&amp;E Supply:<br><br> <\/span><span class=\"fontstyle2\">Indoor, Outdoor, and Corporate Furniture<\/span><\/p>\t\t\t\t\t\t\t\t<\/div>\n\t\t\t\t<\/div>\n\t\t\t\t\t<\/div>\n\t\t\t\t<\/div>\n\t\t<div class=\"elementor-element elementor-element-f6c60f9 e-flex e-con-boxed e-con e-parent\" data-id=\"f6c60f9\" data-element_type=\"container\" data-e-type=\"container\">\n\t\t\t\t\t<div class=\"e-con-inner\">\n\t\t\t\t<div class=\"elementor-element elementor-element-be5ba77 elementor-widget elementor-widget-gallery\" data-id=\"be5ba77\" data-element_type=\"widget\" data-e-type=\"widget\" data-settings=\"{&quot;lazyload&quot;:&quot;yes&quot;,&quot;gallery_layout&quot;:&quot;grid&quot;,&quot;columns&quot;:4,&quot;columns_tablet&quot;:2,&quot;columns_mobile&quot;:1,&quot;gap&quot;:{&quot;unit&quot;:&quot;px&quot;,&quot;size&quot;:10,&quot;sizes&quot;:[]},&quot;gap_tablet&quot;:{&quot;unit&quot;:&quot;px&quot;,&quot;size&quot;:10,&quot;sizes&quot;:[]},&quot;gap_mobile&quot;:{&quot;unit&quot;:&quot;px&quot;,&quot;size&quot;:10,&quot;sizes&quot;:[]},&quot;link_to&quot;:&quot;file&quot;,&quot;aspect_ratio&quot;:&quot;3:2&quot;,&quot;overlay_background&quot;:&quot;yes&quot;,&quot;content_hover_animation&quot;:&quot;fade-in&quot;}\" data-widget_type=\"gallery.default\">\n\t\t\t\t<div class=\"elementor-widget-container\">\n\t\t\t\t\t\t\t<div class=\"elementor-gallery__container\">\n\t\t\t\t\t\t\t<a class=\"e-gallery-item elementor-gallery-item elementor-animated-content\" href=\"https:\/\/i0.wp.com\/ffebrazil.com\/wp-content\/uploads\/2023\/11\/DM_20231121153725_001.jpeg?fit=1772%2C1024&#038;ssl=1\" data-elementor-open-lightbox=\"yes\" data-elementor-lightbox-slideshow=\"be5ba77\" data-elementor-lightbox-title=\"DM_20231121153725_001\" data-e-action-hash=\"#elementor-action%3Aaction%3Dlightbox%26settings%3DeyJpZCI6ODU1MywidXJsIjoiaHR0cHM6XC9cL2ZmZWJyYXppbC5jb21cL3dwLWNvbnRlbnRcL3VwbG9hZHNcLzIwMjNcLzExXC9ETV8yMDIzMTEyMTE1MzcyNV8wMDEuanBlZyIsInNsaWRlc2hvdyI6ImJlNWJhNzcifQ%3D%3D\">\n\t\t\t\t\t<div class=\"e-gallery-image elementor-gallery-item__image\" data-thumbnail=\"https:\/\/i0.wp.com\/ffebrazil.com\/wp-content\/uploads\/2023\/11\/DM_20231121153725_001.jpeg?fit=300%2C173&amp;ssl=1\" data-width=\"300\" data-height=\"173\" aria-label=\"\" role=\"img\" ><\/div>\n\t\t\t\t\t\t\t\t\t\t\t<div class=\"elementor-gallery-item__overlay\"><\/div>\n\t\t\t\t\t\t\t\t\t\t\t\t\t\t<\/a>\n\t\t\t\t\t\t\t<a class=\"e-gallery-item elementor-gallery-item elementor-animated-content\" href=\"https:\/\/i0.wp.com\/ffebrazil.com\/wp-content\/uploads\/2023\/11\/DM_20231121153725_002.jpeg?fit=1772%2C1024&#038;ssl=1\" data-elementor-open-lightbox=\"yes\" data-elementor-lightbox-slideshow=\"be5ba77\" data-elementor-lightbox-title=\"DM_20231121153725_002\" data-e-action-hash=\"#elementor-action%3Aaction%3Dlightbox%26settings%3DeyJpZCI6ODU1NCwidXJsIjoiaHR0cHM6XC9cL2ZmZWJyYXppbC5jb21cL3dwLWNvbnRlbnRcL3VwbG9hZHNcLzIwMjNcLzExXC9ETV8yMDIzMTEyMTE1MzcyNV8wMDIuanBlZyIsInNsaWRlc2hvdyI6ImJlNWJhNzcifQ%3D%3D\">\n\t\t\t\t\t<div class=\"e-gallery-image elementor-gallery-item__image\" data-thumbnail=\"https:\/\/i0.wp.com\/ffebrazil.com\/wp-content\/uploads\/2023\/11\/DM_20231121153725_002.jpeg?fit=300%2C173&amp;ssl=1\" data-width=\"300\" data-height=\"173\" aria-label=\"\" role=\"img\" ><\/div>\n\t\t\t\t\t\t\t\t\t\t\t<div class=\"elementor-gallery-item__overlay\"><\/div>\n\t\t\t\t\t\t\t\t\t\t\t\t\t\t<\/a>\n\t\t\t\t\t<\/div>\n\t\t\t\t\t<\/div>\n\t\t\t\t<\/div>\n\t\t\t\t\t<\/div>\n\t\t\t\t<\/div>\n\t\t\t\t<\/div>","protected":false},"excerpt":{"rendered":"<p>NOVOTEL IT\u00da Localiza\u00e7\u00e3o: It\u00fa \u2013 SP | Ano: 2021 Chal\u00e9: Mobili\u00e1rio Interno, Externo e Corporativo.<\/p>","protected":false},"author":4,"featured_media":0,"parent":0,"menu_order":4,"comment_status":"closed","ping_status":"closed","template":"elementor_header_footer","meta":{"nf_dc_page":"","_eb_attr":"","footnotes":""},"class_list":["post-8778","page","type-page","status-publish","hentry","entry"],"yoast_head":"<!-- This site is optimized with the Yoast SEO plugin v27.5 - https:\/\/yoast.com\/product\/yoast-seo-wordpress\/ -->\n<title>NOVOTEL IT\u00da - FFE Brazil<\/title>\n<meta name=\"robots\" content=\"index, follow, max-snippet:-1, max-image-preview:large, max-video-preview:-1\" \/>\n<link rel=\"canonical\" href=\"https:\/\/ffebrazil.com\/en\/itu\/\" \/>\n<meta property=\"og:locale\" content=\"en_US\" \/>\n<meta property=\"og:type\" content=\"article\" \/>\n<meta property=\"og:title\" content=\"NOVOTEL IT\u00da - FFE Brazil\" \/>\n<meta property=\"og:description\" content=\"NOVOTEL IT\u00da Localiza\u00e7\u00e3o: It\u00fa \u2013 SP | Ano: 2021 Chal\u00e9: Mobili\u00e1rio Interno, Externo e Corporativo.\" \/>\n<meta property=\"og:url\" content=\"https:\/\/ffebrazil.com\/en\/itu\/\" \/>\n<meta property=\"og:site_name\" content=\"FFE Brazil\" \/>\n<meta property=\"article:modified_time\" content=\"2025-12-10T20:21:34+00:00\" \/>\n<meta name=\"twitter:card\" content=\"summary_large_image\" \/>\n<meta name=\"twitter:label1\" content=\"Est. reading time\" \/>\n\t<meta name=\"twitter:data1\" content=\"1 minute\" \/>\n<script type=\"application\/ld+json\" class=\"yoast-schema-graph\">{\"@context\":\"https:\\\/\\\/schema.org\",\"@graph\":[{\"@type\":\"WebPage\",\"@id\":\"https:\\\/\\\/ffebrazil.com\\\/itu\\\/\",\"url\":\"https:\\\/\\\/ffebrazil.com\\\/itu\\\/\",\"name\":\"NOVOTEL IT\u00da - FFE Brazil\",\"isPartOf\":{\"@id\":\"https:\\\/\\\/ffebrazil.com\\\/#website\"},\"datePublished\":\"2023-11-29T00:06:55+00:00\",\"dateModified\":\"2025-12-10T20:21:34+00:00\",\"breadcrumb\":{\"@id\":\"https:\\\/\\\/ffebrazil.com\\\/itu\\\/#breadcrumb\"},\"inLanguage\":\"en-US\",\"potentialAction\":[{\"@type\":\"ReadAction\",\"target\":[\"https:\\\/\\\/ffebrazil.com\\\/itu\\\/\"]}]},{\"@type\":\"BreadcrumbList\",\"@id\":\"https:\\\/\\\/ffebrazil.com\\\/itu\\\/#breadcrumb\",\"itemListElement\":[{\"@type\":\"ListItem\",\"position\":1,\"name\":\"In\u00edcio\",\"item\":\"https:\\\/\\\/ffebrazil.com\\\/\"},{\"@type\":\"ListItem\",\"position\":2,\"name\":\"NOVOTEL IT\u00da\"}]},{\"@type\":\"WebSite\",\"@id\":\"https:\\\/\\\/ffebrazil.com\\\/#website\",\"url\":\"https:\\\/\\\/ffebrazil.com\\\/\",\"name\":\"FFE Brazil\",\"description\":\"Furniture\",\"publisher\":{\"@id\":\"https:\\\/\\\/ffebrazil.com\\\/#organization\"},\"potentialAction\":[{\"@type\":\"SearchAction\",\"target\":{\"@type\":\"EntryPoint\",\"urlTemplate\":\"https:\\\/\\\/ffebrazil.com\\\/?s={search_term_string}\"},\"query-input\":{\"@type\":\"PropertyValueSpecification\",\"valueRequired\":true,\"valueName\":\"search_term_string\"}}],\"inLanguage\":\"en-US\"},{\"@type\":\"Organization\",\"@id\":\"https:\\\/\\\/ffebrazil.com\\\/#organization\",\"name\":\"FFE Brazil\",\"url\":\"https:\\\/\\\/ffebrazil.com\\\/\",\"logo\":{\"@type\":\"ImageObject\",\"inLanguage\":\"en-US\",\"@id\":\"https:\\\/\\\/ffebrazil.com\\\/#\\\/schema\\\/logo\\\/image\\\/\",\"url\":\"https:\\\/\\\/ffebrazil.com\\\/wp-content\\\/uploads\\\/2022\\\/01\\\/logo_l_ffe-2-3-2.png\",\"contentUrl\":\"https:\\\/\\\/ffebrazil.com\\\/wp-content\\\/uploads\\\/2022\\\/01\\\/logo_l_ffe-2-3-2.png\",\"width\":5166,\"height\":1873,\"caption\":\"FFE Brazil\"},\"image\":{\"@id\":\"https:\\\/\\\/ffebrazil.com\\\/#\\\/schema\\\/logo\\\/image\\\/\"}}]}<\/script>\n<!-- \/ Yoast SEO plugin. -->","yoast_head_json":{"title":"NOVOTEL IT\u00da - FFE Brazil","robots":{"index":"index","follow":"follow","max-snippet":"max-snippet:-1","max-image-preview":"max-image-preview:large","max-video-preview":"max-video-preview:-1"},"canonical":"https:\/\/ffebrazil.com\/en\/itu\/","og_locale":"en_US","og_type":"article","og_title":"NOVOTEL IT\u00da - FFE Brazil","og_description":"NOVOTEL IT\u00da Localiza\u00e7\u00e3o: It\u00fa \u2013 SP | Ano: 2021 Chal\u00e9: Mobili\u00e1rio Interno, Externo e Corporativo.","og_url":"https:\/\/ffebrazil.com\/en\/itu\/","og_site_name":"FFE Brazil","article_modified_time":"2025-12-10T20:21:34+00:00","twitter_card":"summary_large_image","twitter_misc":{"Est. reading time":"1 minute"},"schema":{"@context":"https:\/\/schema.org","@graph":[{"@type":"WebPage","@id":"https:\/\/ffebrazil.com\/itu\/","url":"https:\/\/ffebrazil.com\/itu\/","name":"NOVOTEL IT\u00da - FFE Brazil","isPartOf":{"@id":"https:\/\/ffebrazil.com\/#website"},"datePublished":"2023-11-29T00:06:55+00:00","dateModified":"2025-12-10T20:21:34+00:00","breadcrumb":{"@id":"https:\/\/ffebrazil.com\/itu\/#breadcrumb"},"inLanguage":"en-US","potentialAction":[{"@type":"ReadAction","target":["https:\/\/ffebrazil.com\/itu\/"]}]},{"@type":"BreadcrumbList","@id":"https:\/\/ffebrazil.com\/itu\/#breadcrumb","itemListElement":[{"@type":"ListItem","position":1,"name":"In\u00edcio","item":"https:\/\/ffebrazil.com\/"},{"@type":"ListItem","position":2,"name":"NOVOTEL IT\u00da"}]},{"@type":"WebSite","@id":"https:\/\/ffebrazil.com\/#website","url":"https:\/\/ffebrazil.com\/","name":"FFE Brazil","description":"Furniture","publisher":{"@id":"https:\/\/ffebrazil.com\/#organization"},"potentialAction":[{"@type":"SearchAction","target":{"@type":"EntryPoint","urlTemplate":"https:\/\/ffebrazil.com\/?s={search_term_string}"},"query-input":{"@type":"PropertyValueSpecification","valueRequired":true,"valueName":"search_term_string"}}],"inLanguage":"en-US"},{"@type":"Organization","@id":"https:\/\/ffebrazil.com\/#organization","name":"FFE Brazil","url":"https:\/\/ffebrazil.com\/","logo":{"@type":"ImageObject","inLanguage":"en-US","@id":"https:\/\/ffebrazil.com\/#\/schema\/logo\/image\/","url":"https:\/\/ffebrazil.com\/wp-content\/uploads\/2022\/01\/logo_l_ffe-2-3-2.png","contentUrl":"https:\/\/ffebrazil.com\/wp-content\/uploads\/2022\/01\/logo_l_ffe-2-3-2.png","width":5166,"height":1873,"caption":"FFE Brazil"},"image":{"@id":"https:\/\/ffebrazil.com\/#\/schema\/logo\/image\/"}}]}},"jetpack_sharing_enabled":true,"_links":{"self":[{"href":"https:\/\/ffebrazil.com\/en\/wp-json\/wp\/v2\/pages\/8778","targetHints":{"allow":["GET"]}}],"collection":[{"href":"https:\/\/ffebrazil.com\/en\/wp-json\/wp\/v2\/pages"}],"about":[{"href":"https:\/\/ffebrazil.com\/en\/wp-json\/wp\/v2\/types\/page"}],"author":[{"embeddable":true,"href":"https:\/\/ffebrazil.com\/en\/wp-json\/wp\/v2\/users\/4"}],"replies":[{"embeddable":true,"href":"https:\/\/ffebrazil.com\/en\/wp-json\/wp\/v2\/comments?post=8778"}],"version-history":[{"count":5,"href":"https:\/\/ffebrazil.com\/en\/wp-json\/wp\/v2\/pages\/8778\/revisions"}],"predecessor-version":[{"id":10129,"href":"https:\/\/ffebrazil.com\/en\/wp-json\/wp\/v2\/pages\/8778\/revisions\/10129"}],"wp:attachment":[{"href":"https:\/\/ffebrazil.com\/en\/wp-json\/wp\/v2\/media?parent=8778"}],"curies":[{"name":"wp","href":"https:\/\/api.w.org\/{rel}","templated":true}]}}