{"id":6214,"date":"2020-09-29T00:33:47","date_gmt":"2020-09-29T03:33:47","guid":{"rendered":"https:\/\/sitesbbr.com\/ffebrazil\/?page_id=6214"},"modified":"2025-05-15T14:12:48","modified_gmt":"2025-05-15T17:12:48","slug":"produtos","status":"publish","type":"page","link":"https:\/\/ffebrazil.com\/en\/produtos\/","title":{"rendered":"Products"},"content":{"rendered":"<div data-elementor-type=\"wp-page\" data-elementor-id=\"6214\" class=\"elementor elementor-6214\" data-elementor-post-type=\"page\">\n\t\t\t\t<div class=\"elementor-element elementor-element-6e1a741 e-flex e-con-boxed e-con e-parent\" data-id=\"6e1a741\" data-element_type=\"container\" data-e-type=\"container\">\n\t\t\t\t\t<div class=\"e-con-inner\">\n\t\t\t\t<div class=\"elementor-element elementor-element-ff9e5f3 elementor-widget elementor-widget-heading\" data-id=\"ff9e5f3\" data-element_type=\"widget\" data-e-type=\"widget\" data-widget_type=\"heading.default\">\n\t\t\t\t<div class=\"elementor-widget-container\">\n\t\t\t\t\t<p class=\"elementor-heading-title elementor-size-default\">Download our standard product catalogs here<br>\n*All bulk items can be customized.<\/p>\t\t\t\t<\/div>\n\t\t\t\t<\/div>\n\t\t\t\t\t<\/div>\n\t\t\t\t<\/div>\n\t\t<div class=\"elementor-element elementor-element-a257a8d e-flex e-con-boxed e-con e-parent\" data-id=\"a257a8d\" data-element_type=\"container\" data-e-type=\"container\">\n\t\t\t\t\t<div class=\"e-con-inner\">\n\t\t<div class=\"elementor-element elementor-element-d83c59f e-con-full e-flex e-con e-child\" data-id=\"d83c59f\" data-element_type=\"container\" data-e-type=\"container\">\n\t\t\t\t<div class=\"elementor-element elementor-element-bd22d18 elementor-widget elementor-widget-image\" data-id=\"bd22d18\" data-element_type=\"widget\" data-e-type=\"widget\" data-widget_type=\"image.default\">\n\t\t\t\t<div class=\"elementor-widget-container\">\n\t\t\t\t\t\t\t\t\t\t\t\t\t\t\t<img fetchpriority=\"high\" decoding=\"async\" width=\"640\" height=\"595\" src=\"https:\/\/i0.wp.com\/ffebrazil.com\/wp-content\/uploads\/2023\/11\/DM_20231107194444_001.jpeg?fit=640%2C595&amp;ssl=1\" class=\"attachment-large size-large wp-image-8358\" alt=\"\" srcset=\"https:\/\/i0.wp.com\/ffebrazil.com\/wp-content\/uploads\/2023\/11\/DM_20231107194444_001.jpeg?w=1500&amp;ssl=1 1500w, https:\/\/i0.wp.com\/ffebrazil.com\/wp-content\/uploads\/2023\/11\/DM_20231107194444_001.jpeg?resize=300%2C279&amp;ssl=1 300w, https:\/\/i0.wp.com\/ffebrazil.com\/wp-content\/uploads\/2023\/11\/DM_20231107194444_001.jpeg?resize=1024%2C952&amp;ssl=1 1024w, https:\/\/i0.wp.com\/ffebrazil.com\/wp-content\/uploads\/2023\/11\/DM_20231107194444_001.jpeg?resize=768%2C714&amp;ssl=1 768w, https:\/\/i0.wp.com\/ffebrazil.com\/wp-content\/uploads\/2023\/11\/DM_20231107194444_001.jpeg?resize=600%2C558&amp;ssl=1 600w, https:\/\/i0.wp.com\/ffebrazil.com\/wp-content\/uploads\/2023\/11\/DM_20231107194444_001.jpeg?w=1280&amp;ssl=1 1280w\" sizes=\"(max-width: 640px) 100vw, 640px\" \/>\t\t\t\t\t\t\t\t\t\t\t\t\t\t\t<\/div>\n\t\t\t\t<\/div>\n\t\t\t\t<div class=\"elementor-element elementor-element-ae78ef9 elementor-widget elementor-widget-heading\" data-id=\"ae78ef9\" data-element_type=\"widget\" data-e-type=\"widget\" data-widget_type=\"heading.default\">\n\t\t\t\t<div class=\"elementor-widget-container\">\n\t\t\t\t\t<h1 class=\"elementor-heading-title elementor-size-default\">FURNITURE<\/h1>\t\t\t\t<\/div>\n\t\t\t\t<\/div>\n\t\t\t\t<div class=\"elementor-element elementor-element-8fd8c53 elementor-widget elementor-widget-eael-adv-accordion\" data-id=\"8fd8c53\" data-element_type=\"widget\" data-e-type=\"widget\" data-no-translation=\"\" data-widget_type=\"eael-adv-accordion.default\">\n\t\t\t\t<div class=\"elementor-widget-container\">\n\t\t\t\t\t<style>.elementor-element-8fd8c53{display:none !important}<\/style>\t\t\t\t<\/div>\n\t\t\t\t<\/div>\n\t\t\t\t<div class=\"elementor-element elementor-element-c9ccc82 elementor-widget elementor-widget-eael-adv-accordion\" data-id=\"c9ccc82\" data-element_type=\"widget\" data-e-type=\"widget\" data-no-translation=\"\" data-widget_type=\"eael-adv-accordion.default\">\n\t\t\t\t<div class=\"elementor-widget-container\">\n\t\t\t\t\t            <div class=\"eael-adv-accordion\" id=\"eael-adv-accordion-c9ccc82\" data-scroll-on-click=\"no\" data-scroll-speed=\"300\" data-accordion-id=\"c9ccc82\" data-accordion-type=\"accordion\" data-toogle-speed=\"300\">\n            <div class=\"eael-accordion-list\">\n\t\t\t\t\t<div id=\"catlogos\" class=\"elementor-tab-title eael-accordion-header\" tabindex=\"0\" data-tab=\"1\" aria-controls=\"elementor-tab-content-2111\"><span class=\"eael-accordion-tab-title\">CAT\u00c1LOGOS<\/span><span class=\"eael-advanced-accordion-icon-closed\"><svg aria-hidden=\"true\" class=\"fa-accordion-icon e-font-icon-svg e-fas-plus\" viewbox=\"0 0 448 512\" xmlns=\"http:\/\/www.w3.org\/2000\/svg\"><path d=\"M416 208H272V64c0-17.67-14.33-32-32-32h-32c-17.67 0-32 14.33-32 32v144H32c-17.67 0-32 14.33-32 32v32c0 17.67 14.33 32 32 32h144v144c0 17.67 14.33 32 32 32h32c17.67 0 32-14.33 32-32V304h144c17.67 0 32-14.33 32-32v-32c0-17.67-14.33-32-32-32z\"><\/path><\/svg><\/span><span class=\"eael-advanced-accordion-icon-opened\"><svg aria-hidden=\"true\" class=\"fa-accordion-icon e-font-icon-svg e-far-window-close\" viewbox=\"0 0 512 512\" xmlns=\"http:\/\/www.w3.org\/2000\/svg\"><path d=\"M464 32H48C21.5 32 0 53.5 0 80v352c0 26.5 21.5 48 48 48h416c26.5 0 48-21.5 48-48V80c0-26.5-21.5-48-48-48zm0 394c0 3.3-2.7 6-6 6H54c-3.3 0-6-2.7-6-6V86c0-3.3 2.7-6 6-6h404c3.3 0 6 2.7 6 6v340zM356.5 194.6L295.1 256l61.4 61.4c4.6 4.6 4.6 12.1 0 16.8l-22.3 22.3c-4.6 4.6-12.1 4.6-16.8 0L256 295.1l-61.4 61.4c-4.6 4.6-12.1 4.6-16.8 0l-22.3-22.3c-4.6-4.6-4.6-12.1 0-16.8l61.4-61.4-61.4-61.4c-4.6-4.6-4.6-12.1 0-16.8l22.3-22.3c4.6-4.6 12.1-4.6 16.8 0l61.4 61.4 61.4-61.4c4.6-4.6 12.1-4.6 16.8 0l22.3 22.3c4.7 4.6 4.7 12.1 0 16.8z\"><\/path><\/svg><\/span><\/div><div id=\"elementor-tab-content-2111\" class=\"eael-accordion-content clearfix\" data-tab=\"1\" aria-labelledby=\"catlogos\"><p><a href=\"https:\/\/ffebrazil.com\/wp-content\/uploads\/2025\/05\/Bancos-E-Puffes-INGLES.pdf\" target=\"_blank\" rel=\"noopener\">Benches and Ottomans<\/a><\/p><p><a href=\"https:\/\/ffebrazil.com\/wp-content\/uploads\/2025\/05\/Banquetas_INGLES.pdf\" target=\"_blank\" rel=\"noopener\">Stools<\/a><\/p><p><a href=\"https:\/\/ffebrazil.com\/wp-content\/uploads\/2025\/05\/Cadeiras-INGLES.pdf\" target=\"_blank\" rel=\"noopener\">Chairs<\/a><\/p><p><a href=\"https:\/\/ffebrazil.com\/wp-content\/uploads\/2025\/05\/Camas-Cabeceiras-INGLES.pdf\" target=\"_blank\" rel=\"noopener\">Beds and Headboards<\/a><\/p><p><a href=\"https:\/\/ffebrazil.com\/wp-content\/uploads\/2025\/05\/Poltronas-INGLES.pdf\" target=\"_blank\" rel=\"noopener\">Armchair<\/a><\/p><\/div>\n\t\t\t\t\t<\/div><\/div>\t\t\t\t<\/div>\n\t\t\t\t<\/div>\n\t\t\t\t<\/div>\n\t\t<div class=\"elementor-element elementor-element-2d11921 e-con-full e-flex e-con e-child\" data-id=\"2d11921\" data-element_type=\"container\" data-e-type=\"container\">\n\t\t\t\t<div class=\"elementor-element elementor-element-21fefd0 elementor-widget elementor-widget-image\" data-id=\"21fefd0\" data-element_type=\"widget\" data-e-type=\"widget\" data-widget_type=\"image.default\">\n\t\t\t\t<div class=\"elementor-widget-container\">\n\t\t\t\t\t\t\t\t\t\t\t\t\t\t\t<img decoding=\"async\" width=\"640\" height=\"595\" src=\"https:\/\/ffebrazil.com\/wp-content\/uploads\/2023\/11\/DM_20231107194444_005.jpeg\" class=\"attachment-large size-large wp-image-8359\" alt=\"\" srcset=\"https:\/\/i0.wp.com\/ffebrazil.com\/wp-content\/uploads\/2023\/11\/DM_20231107194444_005.jpeg?w=1500&ssl=1 1500w, https:\/\/i0.wp.com\/ffebrazil.com\/wp-content\/uploads\/2023\/11\/DM_20231107194444_005.jpeg?resize=300%2C279&ssl=1 300w, https:\/\/i0.wp.com\/ffebrazil.com\/wp-content\/uploads\/2023\/11\/DM_20231107194444_005.jpeg?resize=1024%2C952&ssl=1 1024w, https:\/\/i0.wp.com\/ffebrazil.com\/wp-content\/uploads\/2023\/11\/DM_20231107194444_005.jpeg?resize=768%2C714&ssl=1 768w, https:\/\/i0.wp.com\/ffebrazil.com\/wp-content\/uploads\/2023\/11\/DM_20231107194444_005.jpeg?resize=600%2C558&ssl=1 600w, https:\/\/i0.wp.com\/ffebrazil.com\/wp-content\/uploads\/2023\/11\/DM_20231107194444_005.jpeg?w=1280&ssl=1 1280w\" sizes=\"(max-width: 640px) 100vw, 640px\" \/>\t\t\t\t\t\t\t\t\t\t\t\t\t\t\t<\/div>\n\t\t\t\t<\/div>\n\t\t\t\t<div class=\"elementor-element elementor-element-f258fdf elementor-widget elementor-widget-heading\" data-id=\"f258fdf\" data-element_type=\"widget\" data-e-type=\"widget\" data-widget_type=\"heading.default\">\n\t\t\t\t<div class=\"elementor-widget-container\">\n\t\t\t\t\t<h1 class=\"elementor-heading-title elementor-size-default\">OUTDOOR AREA<\/h1>\t\t\t\t<\/div>\n\t\t\t\t<\/div>\n\t\t\t\t<div class=\"elementor-element elementor-element-f85f9c5 elementor-widget elementor-widget-eael-adv-accordion\" data-id=\"f85f9c5\" data-element_type=\"widget\" data-e-type=\"widget\" data-no-translation=\"\" data-widget_type=\"eael-adv-accordion.default\">\n\t\t\t\t<div class=\"elementor-widget-container\">\n\t\t\t\t\t<style>.elementor-element-f85f9c5{display:none !important}<\/style>\t\t\t\t<\/div>\n\t\t\t\t<\/div>\n\t\t\t\t<div class=\"elementor-element elementor-element-fb7976f elementor-widget elementor-widget-eael-adv-accordion\" data-id=\"fb7976f\" data-element_type=\"widget\" data-e-type=\"widget\" data-no-translation=\"\" data-widget_type=\"eael-adv-accordion.default\">\n\t\t\t\t<div class=\"elementor-widget-container\">\n\t\t\t\t\t            <div class=\"eael-adv-accordion\" id=\"eael-adv-accordion-fb7976f\" data-scroll-on-click=\"no\" data-scroll-speed=\"300\" data-accordion-id=\"fb7976f\" data-accordion-type=\"accordion\" data-toogle-speed=\"300\">\n            <div class=\"eael-accordion-list\">\n\t\t\t\t\t<div id=\"catlogos\" class=\"elementor-tab-title eael-accordion-header\" tabindex=\"0\" data-tab=\"1\" aria-controls=\"elementor-tab-content-2631\"><span class=\"eael-accordion-tab-title\">CAT\u00c1LOGOS<\/span><span class=\"eael-advanced-accordion-icon-closed\"><svg aria-hidden=\"true\" class=\"fa-accordion-icon e-font-icon-svg e-fas-plus\" viewbox=\"0 0 448 512\" xmlns=\"http:\/\/www.w3.org\/2000\/svg\"><path d=\"M416 208H272V64c0-17.67-14.33-32-32-32h-32c-17.67 0-32 14.33-32 32v144H32c-17.67 0-32 14.33-32 32v32c0 17.67 14.33 32 32 32h144v144c0 17.67 14.33 32 32 32h32c17.67 0 32-14.33 32-32V304h144c17.67 0 32-14.33 32-32v-32c0-17.67-14.33-32-32-32z\"><\/path><\/svg><\/span><span class=\"eael-advanced-accordion-icon-opened\"><svg aria-hidden=\"true\" class=\"fa-accordion-icon e-font-icon-svg e-far-window-close\" viewbox=\"0 0 512 512\" xmlns=\"http:\/\/www.w3.org\/2000\/svg\"><path d=\"M464 32H48C21.5 32 0 53.5 0 80v352c0 26.5 21.5 48 48 48h416c26.5 0 48-21.5 48-48V80c0-26.5-21.5-48-48-48zm0 394c0 3.3-2.7 6-6 6H54c-3.3 0-6-2.7-6-6V86c0-3.3 2.7-6 6-6h404c3.3 0 6 2.7 6 6v340zM356.5 194.6L295.1 256l61.4 61.4c4.6 4.6 4.6 12.1 0 16.8l-22.3 22.3c-4.6 4.6-12.1 4.6-16.8 0L256 295.1l-61.4 61.4c-4.6 4.6-12.1 4.6-16.8 0l-22.3-22.3c-4.6-4.6-4.6-12.1 0-16.8l61.4-61.4-61.4-61.4c-4.6-4.6-4.6-12.1 0-16.8l22.3-22.3c4.6-4.6 12.1-4.6 16.8 0l61.4 61.4 61.4-61.4c4.6-4.6 12.1-4.6 16.8 0l22.3 22.3c4.7 4.6 4.7 12.1 0 16.8z\"><\/path><\/svg><\/span><\/div><div id=\"elementor-tab-content-2631\" class=\"eael-accordion-content clearfix\" data-tab=\"1\" aria-labelledby=\"catlogos\"><p><a href=\"https:\/\/ffebrazil.com\/wp-content\/uploads\/2025\/05\/Catalogo-Geral-Externo-INGLES.pdf\" target=\"_blank\" rel=\"noopener\">General Catalogue of Outdoor Furniture<\/a><\/p><\/div>\n\t\t\t\t\t<\/div><\/div>\t\t\t\t<\/div>\n\t\t\t\t<\/div>\n\t\t\t\t<\/div>\n\t\t\t\t\t<\/div>\n\t\t\t\t<\/div>\n\t\t\t\t<\/div>","protected":false},"excerpt":{"rendered":"<p>Baixe aqui os cat\u00e1logos dos nossos produtos de linha *Todos os itens em volume podem ser customizados. MOBILI\u00c1RIO CAT\u00c1LOGOS Acesso\u0301rios Aparadores Carros Bar Bancos e Pufes Banquetas Buffets Bares e Racks Cadeiras Camas e Cabeceiras C\u00f3modas Escrivaninhas Estantes e Cristaleiras Mesas Poltronas Produ\u00e7\u00e3o Sof\u00e1s ILUMINA\u00c7\u00c3O CAT\u00c1LOGOS Lumin\u00e1ria ESPELHOS DECORATIVOS CAT\u00c1LOGOS Espelhos Decorativos TAPETES CAT\u00c1LOGOS Em &hellip; <\/p>\n<p class=\"link-more\"><a href=\"https:\/\/ffebrazil.com\/en\/produtos\/\" class=\"more-link\">Continue reading<span class=\"screen-reader-text\"> &#8220;Produtos&#8221;<\/span><\/a><\/p>","protected":false},"author":1,"featured_media":0,"parent":0,"menu_order":3,"comment_status":"closed","ping_status":"closed","template":"elementor_header_footer","meta":{"nf_dc_page":"","_eb_attr":"","footnotes":""},"class_list":["post-6214","page","type-page","status-publish","hentry","entry"],"yoast_head":"<!-- This site is optimized with the Yoast SEO plugin v27.5 - https:\/\/yoast.com\/product\/yoast-seo-wordpress\/ -->\n<title>Produtos - FFE Brazil<\/title>\n<meta name=\"robots\" content=\"index, follow, max-snippet:-1, max-image-preview:large, max-video-preview:-1\" \/>\n<link rel=\"canonical\" href=\"https:\/\/ffebrazil.com\/en\/produtos\/\" \/>\n<meta property=\"og:locale\" content=\"en_US\" \/>\n<meta property=\"og:type\" content=\"article\" \/>\n<meta property=\"og:title\" content=\"Produtos - FFE Brazil\" \/>\n<meta property=\"og:description\" content=\"Baixe aqui os cat\u00e1logos dos nossos produtos de linha *Todos os itens em volume podem ser customizados. MOBILI\u00c1RIO CAT\u00c1LOGOS Acesso\u0301rios Aparadores Carros Bar Bancos e Pufes Banquetas Buffets Bares e Racks Cadeiras Camas e Cabeceiras C\u00f3modas Escrivaninhas Estantes e Cristaleiras Mesas Poltronas Produ\u00e7\u00e3o Sof\u00e1s ILUMINA\u00c7\u00c3O CAT\u00c1LOGOS Lumin\u00e1ria ESPELHOS DECORATIVOS CAT\u00c1LOGOS Espelhos Decorativos TAPETES CAT\u00c1LOGOS Em &hellip; Continue reading &quot;Produtos&quot;\" \/>\n<meta property=\"og:url\" content=\"https:\/\/ffebrazil.com\/en\/produtos\/\" \/>\n<meta property=\"og:site_name\" content=\"FFE Brazil\" \/>\n<meta property=\"article:modified_time\" content=\"2025-05-15T17:12:48+00:00\" \/>\n<meta property=\"og:image\" content=\"https:\/\/ffebrazil.com\/wp-content\/uploads\/2023\/11\/DM_20231107194444_001-1024x952.jpeg\" \/>\n<meta name=\"twitter:card\" content=\"summary_large_image\" \/>\n<meta name=\"twitter:label1\" content=\"Est. reading time\" \/>\n\t<meta name=\"twitter:data1\" content=\"3 minutes\" \/>\n<script type=\"application\/ld+json\" class=\"yoast-schema-graph\">{\"@context\":\"https:\\\/\\\/schema.org\",\"@graph\":[{\"@type\":\"WebPage\",\"@id\":\"https:\\\/\\\/ffebrazil.com\\\/produtos\\\/\",\"url\":\"https:\\\/\\\/ffebrazil.com\\\/produtos\\\/\",\"name\":\"Produtos - FFE Brazil\",\"isPartOf\":{\"@id\":\"https:\\\/\\\/ffebrazil.com\\\/#website\"},\"primaryImageOfPage\":{\"@id\":\"https:\\\/\\\/ffebrazil.com\\\/produtos\\\/#primaryimage\"},\"image\":{\"@id\":\"https:\\\/\\\/ffebrazil.com\\\/produtos\\\/#primaryimage\"},\"thumbnailUrl\":\"https:\\\/\\\/ffebrazil.com\\\/wp-content\\\/uploads\\\/2023\\\/11\\\/DM_20231107194444_001-1024x952.jpeg\",\"datePublished\":\"2020-09-29T03:33:47+00:00\",\"dateModified\":\"2025-05-15T17:12:48+00:00\",\"breadcrumb\":{\"@id\":\"https:\\\/\\\/ffebrazil.com\\\/produtos\\\/#breadcrumb\"},\"inLanguage\":\"en-US\",\"potentialAction\":[{\"@type\":\"ReadAction\",\"target\":[\"https:\\\/\\\/ffebrazil.com\\\/produtos\\\/\"]}]},{\"@type\":\"ImageObject\",\"inLanguage\":\"en-US\",\"@id\":\"https:\\\/\\\/ffebrazil.com\\\/produtos\\\/#primaryimage\",\"url\":\"https:\\\/\\\/ffebrazil.com\\\/wp-content\\\/uploads\\\/2023\\\/11\\\/DM_20231107194444_001-1024x952.jpeg\",\"contentUrl\":\"https:\\\/\\\/ffebrazil.com\\\/wp-content\\\/uploads\\\/2023\\\/11\\\/DM_20231107194444_001-1024x952.jpeg\"},{\"@type\":\"BreadcrumbList\",\"@id\":\"https:\\\/\\\/ffebrazil.com\\\/produtos\\\/#breadcrumb\",\"itemListElement\":[{\"@type\":\"ListItem\",\"position\":1,\"name\":\"In\u00edcio\",\"item\":\"https:\\\/\\\/ffebrazil.com\\\/\"},{\"@type\":\"ListItem\",\"position\":2,\"name\":\"Produtos\"}]},{\"@type\":\"WebSite\",\"@id\":\"https:\\\/\\\/ffebrazil.com\\\/#website\",\"url\":\"https:\\\/\\\/ffebrazil.com\\\/\",\"name\":\"FFE Brazil\",\"description\":\"Furniture\",\"publisher\":{\"@id\":\"https:\\\/\\\/ffebrazil.com\\\/#organization\"},\"potentialAction\":[{\"@type\":\"SearchAction\",\"target\":{\"@type\":\"EntryPoint\",\"urlTemplate\":\"https:\\\/\\\/ffebrazil.com\\\/?s={search_term_string}\"},\"query-input\":{\"@type\":\"PropertyValueSpecification\",\"valueRequired\":true,\"valueName\":\"search_term_string\"}}],\"inLanguage\":\"en-US\"},{\"@type\":\"Organization\",\"@id\":\"https:\\\/\\\/ffebrazil.com\\\/#organization\",\"name\":\"FFE Brazil\",\"url\":\"https:\\\/\\\/ffebrazil.com\\\/\",\"logo\":{\"@type\":\"ImageObject\",\"inLanguage\":\"en-US\",\"@id\":\"https:\\\/\\\/ffebrazil.com\\\/#\\\/schema\\\/logo\\\/image\\\/\",\"url\":\"https:\\\/\\\/ffebrazil.com\\\/wp-content\\\/uploads\\\/2022\\\/01\\\/logo_l_ffe-2-3-2.png\",\"contentUrl\":\"https:\\\/\\\/ffebrazil.com\\\/wp-content\\\/uploads\\\/2022\\\/01\\\/logo_l_ffe-2-3-2.png\",\"width\":5166,\"height\":1873,\"caption\":\"FFE Brazil\"},\"image\":{\"@id\":\"https:\\\/\\\/ffebrazil.com\\\/#\\\/schema\\\/logo\\\/image\\\/\"}}]}<\/script>\n<!-- \/ Yoast SEO plugin. -->","yoast_head_json":{"title":"Produtos - FFE Brazil","robots":{"index":"index","follow":"follow","max-snippet":"max-snippet:-1","max-image-preview":"max-image-preview:large","max-video-preview":"max-video-preview:-1"},"canonical":"https:\/\/ffebrazil.com\/en\/produtos\/","og_locale":"en_US","og_type":"article","og_title":"Produtos - FFE Brazil","og_description":"Baixe aqui os cat\u00e1logos dos nossos produtos de linha *Todos os itens em volume podem ser customizados. MOBILI\u00c1RIO CAT\u00c1LOGOS Acesso\u0301rios Aparadores Carros Bar Bancos e Pufes Banquetas Buffets Bares e Racks Cadeiras Camas e Cabeceiras C\u00f3modas Escrivaninhas Estantes e Cristaleiras Mesas Poltronas Produ\u00e7\u00e3o Sof\u00e1s ILUMINA\u00c7\u00c3O CAT\u00c1LOGOS Lumin\u00e1ria ESPELHOS DECORATIVOS CAT\u00c1LOGOS Espelhos Decorativos TAPETES CAT\u00c1LOGOS Em &hellip; Continue reading \"Produtos\"","og_url":"https:\/\/ffebrazil.com\/en\/produtos\/","og_site_name":"FFE Brazil","article_modified_time":"2025-05-15T17:12:48+00:00","og_image":[{"url":"https:\/\/ffebrazil.com\/wp-content\/uploads\/2023\/11\/DM_20231107194444_001-1024x952.jpeg","type":"","width":"","height":""}],"twitter_card":"summary_large_image","twitter_misc":{"Est. reading time":"3 minutes"},"schema":{"@context":"https:\/\/schema.org","@graph":[{"@type":"WebPage","@id":"https:\/\/ffebrazil.com\/produtos\/","url":"https:\/\/ffebrazil.com\/produtos\/","name":"Produtos - FFE Brazil","isPartOf":{"@id":"https:\/\/ffebrazil.com\/#website"},"primaryImageOfPage":{"@id":"https:\/\/ffebrazil.com\/produtos\/#primaryimage"},"image":{"@id":"https:\/\/ffebrazil.com\/produtos\/#primaryimage"},"thumbnailUrl":"https:\/\/ffebrazil.com\/wp-content\/uploads\/2023\/11\/DM_20231107194444_001-1024x952.jpeg","datePublished":"2020-09-29T03:33:47+00:00","dateModified":"2025-05-15T17:12:48+00:00","breadcrumb":{"@id":"https:\/\/ffebrazil.com\/produtos\/#breadcrumb"},"inLanguage":"en-US","potentialAction":[{"@type":"ReadAction","target":["https:\/\/ffebrazil.com\/produtos\/"]}]},{"@type":"ImageObject","inLanguage":"en-US","@id":"https:\/\/ffebrazil.com\/produtos\/#primaryimage","url":"https:\/\/ffebrazil.com\/wp-content\/uploads\/2023\/11\/DM_20231107194444_001-1024x952.jpeg","contentUrl":"https:\/\/ffebrazil.com\/wp-content\/uploads\/2023\/11\/DM_20231107194444_001-1024x952.jpeg"},{"@type":"BreadcrumbList","@id":"https:\/\/ffebrazil.com\/produtos\/#breadcrumb","itemListElement":[{"@type":"ListItem","position":1,"name":"In\u00edcio","item":"https:\/\/ffebrazil.com\/"},{"@type":"ListItem","position":2,"name":"Produtos"}]},{"@type":"WebSite","@id":"https:\/\/ffebrazil.com\/#website","url":"https:\/\/ffebrazil.com\/","name":"FFE Brazil","description":"Furniture","publisher":{"@id":"https:\/\/ffebrazil.com\/#organization"},"potentialAction":[{"@type":"SearchAction","target":{"@type":"EntryPoint","urlTemplate":"https:\/\/ffebrazil.com\/?s={search_term_string}"},"query-input":{"@type":"PropertyValueSpecification","valueRequired":true,"valueName":"search_term_string"}}],"inLanguage":"en-US"},{"@type":"Organization","@id":"https:\/\/ffebrazil.com\/#organization","name":"FFE Brazil","url":"https:\/\/ffebrazil.com\/","logo":{"@type":"ImageObject","inLanguage":"en-US","@id":"https:\/\/ffebrazil.com\/#\/schema\/logo\/image\/","url":"https:\/\/ffebrazil.com\/wp-content\/uploads\/2022\/01\/logo_l_ffe-2-3-2.png","contentUrl":"https:\/\/ffebrazil.com\/wp-content\/uploads\/2022\/01\/logo_l_ffe-2-3-2.png","width":5166,"height":1873,"caption":"FFE Brazil"},"image":{"@id":"https:\/\/ffebrazil.com\/#\/schema\/logo\/image\/"}}]}},"jetpack_sharing_enabled":true,"_links":{"self":[{"href":"https:\/\/ffebrazil.com\/en\/wp-json\/wp\/v2\/pages\/6214","targetHints":{"allow":["GET"]}}],"collection":[{"href":"https:\/\/ffebrazil.com\/en\/wp-json\/wp\/v2\/pages"}],"about":[{"href":"https:\/\/ffebrazil.com\/en\/wp-json\/wp\/v2\/types\/page"}],"author":[{"embeddable":true,"href":"https:\/\/ffebrazil.com\/en\/wp-json\/wp\/v2\/users\/1"}],"replies":[{"embeddable":true,"href":"https:\/\/ffebrazil.com\/en\/wp-json\/wp\/v2\/comments?post=6214"}],"version-history":[{"count":5,"href":"https:\/\/ffebrazil.com\/en\/wp-json\/wp\/v2\/pages\/6214\/revisions"}],"predecessor-version":[{"id":9991,"href":"https:\/\/ffebrazil.com\/en\/wp-json\/wp\/v2\/pages\/6214\/revisions\/9991"}],"wp:attachment":[{"href":"https:\/\/ffebrazil.com\/en\/wp-json\/wp\/v2\/media?parent=6214"}],"curies":[{"name":"wp","href":"https:\/\/api.w.org\/{rel}","templated":true}]}}